{"id":1912,"date":"2024-08-29T08:28:22","date_gmt":"2024-08-29T06:28:22","guid":{"rendered":"https:\/\/goodwork.cat\/?post_type=product&#038;p=1912"},"modified":"2025-04-30T16:46:55","modified_gmt":"2025-04-30T14:46:55","slug":"sabata-no-metallica-esd-indra-s3s","status":"publish","type":"product","link":"https:\/\/goodwork.cat\/ca\/producte\/sabata-no-metallica-esd-indra-s3s\/","title":{"rendered":"SABATA no met\u00e0l\u00b7lica ESD INDRA S3S"},"content":{"rendered":"<ul>\n<li class=\"li1\">Sabata de composici\u00f3 lleugera i c\u00f2moda.<\/li>\n<li class=\"li1\">Est\u00e0 confeccionat en teixit transpirable amb membrana hidrorepel\u00b7lent i refor\u00e7 antiabrasi\u00f3 a la puntera.<\/li>\n<li class=\"li1\">La puntera de protecci\u00f3 est\u00e0 fabricada amb material no met\u00e0l\u00b7lic per a m\u00e9s lleugeresa.<\/li>\n<li class=\"li1\">L\u00e0mina interior antiperforaci\u00f3.<\/li>\n<li class=\"li1\">Plantilla amb tecnologia de poliuret\u00e0 termoconformada d&#8217;alta recuperaci\u00f3, sobre teixit color negre, antibacteriana i fungicida que el converteix en una sabata realment c\u00f2moda.<\/li>\n<li class=\"li1\">El coll de la sabata est\u00e0 encoixinat per evitar rascades.<\/li>\n<li class=\"li1\">La seva sola est\u00e0 dissenyada amb una formulaci\u00f3 especial ESD.<\/li>\n<li class=\"li1\">Consulta la\u00a0<a href=\"https:\/\/tbgroupsafety.com\/es\/flat101_catalog\/pdf?attr=ftecnica&amp;pdf=INDRA_S3S_INFO.PDF\" target=\"_blank\" rel=\"noopener\">Fitxa t\u00e8cnica<\/a>\u00a0per veure les especificacions del producte<\/li>\n<\/ul>\n<style type=\"text\/css\">\n.prod-icons{display:flex; flex-wrap:wrap; gap:16px; justify-content:flex-start; align-items:flex-start; margin:2rem auto 1rem;padding:18px 12px; background:#fff; border:1px solid #e0e0e0;}.prod-icons-item{display:flex; flex-direction:column; justify-content:center; align-items: center; gap:2px;flex-basis: 16%; flex-wrap:wrap;}.prod-icon-title{text-align:center; font-size:0.6rem; text-transform:uppercase; line-height:1;}<\/style>\n<div class=\"prod-icons\">\n<div class=\"prod-icons-item\">\n<p><img decoding=\"async\" class=\"alignnone size-full wp-image-2015\" src=\"https:\/\/goodwork.cat\/wp-content\/uploads\/2024\/08\/TEJIDO.webp\" alt=\"\" width=\"41\" height=\"47\" \/><\/p>\n<div class=\"prod-icon-title\">TEJIDO<\/div>\n<\/div>\n<div class=\"prod-icons-item\">\n<p><img decoding=\"async\" class=\"alignnone size-full wp-image-2016\" src=\"https:\/\/goodwork.cat\/wp-content\/uploads\/2024\/08\/TRATAMIENTO-HIDROFUGO.webp\" alt=\"\" width=\"41\" height=\"47\" \/><\/p>\n<div class=\"prod-icon-title\">Tratamiento hidr\u00f3fugo<\/div>\n<\/div>\n<div class=\"prod-icons-item\">\n<p><img decoding=\"async\" class=\"alignnone size-full wp-image-2017\" src=\"https:\/\/goodwork.cat\/wp-content\/uploads\/2024\/08\/ABSORCION-ENERGIA-EN-EL-TALON.webp\" alt=\"\" width=\"41\" height=\"47\" \/><\/p>\n<div class=\"prod-icon-title\">Absorci\u00f3n de energ\u00eda en el tal\u00f3n<\/div>\n<\/div>\n<div class=\"prod-icons-item\">\n<p><img loading=\"lazy\" decoding=\"async\" class=\"alignnone size-full wp-image-2018\" src=\"https:\/\/goodwork.cat\/wp-content\/uploads\/2024\/08\/PUINTERA-DE-SEGURIDAD-NO-METALICA.webp\" alt=\"\" width=\"41\" height=\"47\" \/><\/p>\n<div class=\"prod-icon-title\">Puntera de seguridad NO met\u00e1lica<\/div>\n<\/div>\n<div class=\"prod-icons-item\">\n<p><img loading=\"lazy\" decoding=\"async\" class=\"alignnone size-full wp-image-2019\" src=\"https:\/\/goodwork.cat\/wp-content\/uploads\/2024\/08\/PLANTILLA-EXTRA-CONFORT.webp\" alt=\"\" width=\"41\" height=\"47\" \/><\/p>\n<div class=\"prod-icon-title\">Plantilla extra confort<\/div>\n<\/div>\n<div class=\"prod-icons-item\">\n<p><img loading=\"lazy\" decoding=\"async\" class=\"alignnone wp-image-2030 size-full\" src=\"https:\/\/goodwork.cat\/wp-content\/uploads\/2024\/08\/electrostatico.png\" alt=\"\" width=\"41\" height=\"46\" \/><\/p>\n<div class=\"prod-icon-title\">Calzado electrost\u00e1tico disipativo ESD<\/div>\n<\/div>\n<div class=\"prod-icons-item\">\n<p><img loading=\"lazy\" decoding=\"async\" class=\"alignnone size-full wp-image-2020\" src=\"https:\/\/goodwork.cat\/wp-content\/uploads\/2024\/08\/CALZADO-ANTIESTATICO.webp\" alt=\"\" width=\"41\" height=\"47\" \/><\/p>\n<div class=\"prod-icon-title\">Calzado antiest\u00e1tico<\/div>\n<\/div>\n<div class=\"prod-icons-item\">\n<p><img loading=\"lazy\" decoding=\"async\" class=\"alignnone size-full wp-image-2021\" src=\"https:\/\/goodwork.cat\/wp-content\/uploads\/2024\/08\/SUELA-ANTIDESLIZANTE.webp\" alt=\"\" width=\"41\" height=\"47\" \/><\/p>\n<div class=\"prod-icon-title\">Suela antideslizante<\/div>\n<\/div>\n<div class=\"prod-icons-item\">\n<p><img loading=\"lazy\" decoding=\"async\" class=\"alignnone size-full wp-image-2022\" src=\"https:\/\/goodwork.cat\/wp-content\/uploads\/2024\/08\/SUELA-RESISTENTE-A-ACEITES-E-HIDROCARBUROS.webp\" alt=\"\" width=\"41\" height=\"47\" \/><\/p>\n<div class=\"prod-icon-title\">Suela resistente a aceites e hidrocarburos<\/div>\n<\/div>\n<div class=\"prod-icons-item\">\n<p><img loading=\"lazy\" decoding=\"async\" class=\"alignnone size-full wp-image-2023\" src=\"https:\/\/goodwork.cat\/wp-content\/uploads\/2024\/08\/SUELA-AISLANTE-AL-FRIO-DEL-PISO.webp\" alt=\"\" width=\"41\" height=\"47\" \/><\/p>\n<div class=\"prod-icon-title\">Suela aislante al fr\u00edo del piso<\/div>\n<\/div>\n<div class=\"prod-icons-item\">\n<p><img loading=\"lazy\" decoding=\"async\" class=\"alignnone size-full wp-image-2024\" src=\"https:\/\/goodwork.cat\/wp-content\/uploads\/2024\/08\/LIBRE-DE-METAL.webp\" alt=\"\" width=\"41\" height=\"47\" \/><\/p>\n<div class=\"prod-icon-title\">Libre de partes met\u00e1licas<\/div>\n<\/div>\n<div class=\"prod-icons-item\">\n<p><img loading=\"lazy\" decoding=\"async\" class=\"alignnone size-full wp-image-2025\" src=\"https:\/\/goodwork.cat\/wp-content\/uploads\/2024\/08\/PLANTILLA-ANTIPERFORACION-NO-METALICA-PS.webp\" alt=\"\" width=\"41\" height=\"47\" \/><\/p>\n<div class=\"prod-icon-title\">Plantilla antiperforaci\u00f3n NO met\u00e1lica PS<\/div>\n<\/div>\n<div class=\"prod-icons-item\">\n<p><img loading=\"lazy\" decoding=\"async\" class=\"alignnone size-full wp-image-2026\" src=\"https:\/\/goodwork.cat\/wp-content\/uploads\/2024\/08\/PROTECCION-FRENTE-A-ROCES-EN-PUNTERA.webp\" alt=\"\" width=\"41\" height=\"47\" \/><\/p>\n<div class=\"prod-icon-title\">Protecci\u00f3n frente a roces en puntera<\/div>\n<\/div>\n<\/div>\n","protected":false},"excerpt":{"rendered":"<ul>\n<li>Cal\u00e7at de seguretat.<\/li>\n<li>Teixit t\u00e8cnic i refor\u00e7os de pell serratge.<\/li>\n<li>Puntera i plantilla no met\u00e0l\u00b7lica.<\/li>\n<li>Sola PU\/PU.<\/li>\n<li>\n<p class=\"p1\">ESD.\u00a0<b>EN ISO 20345:2022 S3S CI FO SR SC<\/b><\/p>\n<\/li>\n<\/ul>\n","protected":false},"featured_media":2011,"template":"","meta":{"_uag_custom_page_level_css":"","site-sidebar-layout":"default","site-content-layout":"","ast-site-content-layout":"default","site-content-style":"default","site-sidebar-style":"default","ast-global-header-display":"","ast-banner-title-visibility":"","ast-main-header-display":"","ast-hfb-above-header-display":"","ast-hfb-below-header-display":"","ast-hfb-mobile-header-display":"","site-post-title":"","ast-breadcrumbs-content":"","ast-featured-img":"","footer-sml-layout":"","ast-disable-related-posts":"","theme-transparent-header-meta":"default","adv-header-id-meta":"","stick-header-meta":"","header-above-stick-meta":"","header-main-stick-meta":"","header-below-stick-meta":"","astra-migrate-meta-layouts":"set","ast-page-background-enabled":"default","ast-page-background-meta":{"desktop":{"background-color":"","background-image":"","background-repeat":"repeat","background-position":"center center","background-size":"auto","background-attachment":"scroll","background-type":"","background-media":"","overlay-type":"","overlay-color":"","overlay-opacity":"","overlay-gradient":""},"tablet":{"background-color":"","background-image":"","background-repeat":"repeat","background-position":"center center","background-size":"auto","background-attachment":"scroll","background-type":"","background-media":"","overlay-type":"","overlay-color":"","overlay-opacity":"","overlay-gradient":""},"mobile":{"background-color":"","background-image":"","background-repeat":"repeat","background-position":"center center","background-size":"auto","background-attachment":"scroll","background-type":"","background-media":"","overlay-type":"","overlay-color":"","overlay-opacity":"","overlay-gradient":""}},"ast-content-background-meta":{"desktop":{"background-color":"var(--ast-global-color-5)","background-image":"","background-repeat":"repeat","background-position":"center center","background-size":"auto","background-attachment":"scroll","background-type":"","background-media":"","overlay-type":"","overlay-color":"","overlay-opacity":"","overlay-gradient":""},"tablet":{"background-color":"var(--ast-global-color-5)","background-image":"","background-repeat":"repeat","background-position":"center center","background-size":"auto","background-attachment":"scroll","background-type":"","background-media":"","overlay-type":"","overlay-color":"","overlay-opacity":"","overlay-gradient":""},"mobile":{"background-color":"var(--ast-global-color-5)","background-image":"","background-repeat":"repeat","background-position":"center center","background-size":"auto","background-attachment":"scroll","background-type":"","background-media":"","overlay-type":"","overlay-color":"","overlay-opacity":"","overlay-gradient":""}}},"product_brand":[],"product_cat":[28],"product_tag":[],"class_list":{"0":"post-1912","1":"product","2":"type-product","3":"status-publish","4":"has-post-thumbnail","6":"product_cat-sense-categoria","7":"desktop-align-left","8":"tablet-align-left","9":"mobile-align-left","11":"first","12":"instock","13":"shipping-taxable","14":"purchasable","15":"product-type-simple"},"yoast_head":"<!-- This site is optimized with the Yoast SEO plugin v27.6 - https:\/\/yoast.com\/product\/yoast-seo-wordpress\/ -->\n<title>SABATA no met\u00e0l\u00b7lica ESD INDRA S3S - GOOD WORK GRUP EQUIPAMENTS, S.L.<\/title>\n<meta name=\"description\" content=\"Cal\u00e7at de seguretat. Teixit t\u00e8cnic i refor\u00e7os de pell serratge. Puntera i plantilla no met\u00e0l\u00b7lica. Sola PU\/PU.\" \/>\n<meta name=\"robots\" content=\"index, follow, max-snippet:-1, max-image-preview:large, max-video-preview:-1\" \/>\n<link rel=\"canonical\" href=\"https:\/\/goodwork.cat\/ca\/producte\/sabata-no-metallica-esd-indra-s3s\/\" \/>\n<meta property=\"og:locale\" content=\"ca_ES\" \/>\n<meta property=\"og:type\" content=\"article\" \/>\n<meta property=\"og:title\" content=\"SABATA no met\u00e0l\u00b7lica ESD INDRA S3S - GOOD WORK GRUP EQUIPAMENTS, S.L.\" \/>\n<meta property=\"og:description\" content=\"Cal\u00e7at de seguretat. Teixit t\u00e8cnic i refor\u00e7os de pell serratge. Puntera i plantilla no met\u00e0l\u00b7lica. Sola PU\/PU.\" \/>\n<meta property=\"og:url\" content=\"https:\/\/goodwork.cat\/ca\/producte\/sabata-no-metallica-esd-indra-s3s\/\" \/>\n<meta property=\"og:site_name\" content=\"GOOD WORK GRUP EQUIPAMENTS, S.L.\" \/>\n<meta property=\"article:modified_time\" content=\"2025-04-30T14:46:55+00:00\" \/>\n<meta property=\"og:image\" content=\"https:\/\/goodwork.cat\/wp-content\/uploads\/2024\/08\/zapato-indra-s3-src-esd-red-bee-work.jpg\" \/>\n\t<meta property=\"og:image:width\" content=\"800\" \/>\n\t<meta property=\"og:image:height\" content=\"800\" \/>\n\t<meta property=\"og:image:type\" content=\"image\/jpeg\" \/>\n<meta name=\"twitter:card\" content=\"summary_large_image\" \/>\n<meta name=\"twitter:label1\" content=\"Temps estimat de lectura\" \/>\n\t<meta name=\"twitter:data1\" content=\"4 minuts\" \/>\n<script type=\"application\/ld+json\" class=\"yoast-schema-graph\">{\"@context\":\"https:\\\/\\\/schema.org\",\"@graph\":[{\"@type\":\"WebPage\",\"@id\":\"https:\\\/\\\/goodwork.cat\\\/producte\\\/sabata-no-metallica-esd-indra-s3s\\\/\",\"url\":\"https:\\\/\\\/goodwork.cat\\\/producte\\\/sabata-no-metallica-esd-indra-s3s\\\/\",\"name\":\"SABATA no met\u00e0l\u00b7lica ESD INDRA S3S - GOOD WORK GRUP EQUIPAMENTS, S.L.\",\"isPartOf\":{\"@id\":\"https:\\\/\\\/goodwork.cat\\\/#website\"},\"primaryImageOfPage\":{\"@id\":\"https:\\\/\\\/goodwork.cat\\\/producte\\\/sabata-no-metallica-esd-indra-s3s\\\/#primaryimage\"},\"image\":{\"@id\":\"https:\\\/\\\/goodwork.cat\\\/producte\\\/sabata-no-metallica-esd-indra-s3s\\\/#primaryimage\"},\"thumbnailUrl\":\"https:\\\/\\\/goodwork.cat\\\/wp-content\\\/uploads\\\/2024\\\/08\\\/zapato-indra-s3-src-esd-red-bee-work.jpg\",\"datePublished\":\"2024-08-29T06:28:22+00:00\",\"dateModified\":\"2025-04-30T14:46:55+00:00\",\"description\":\"Cal\u00e7at de seguretat. Teixit t\u00e8cnic i refor\u00e7os de pell serratge. Puntera i plantilla no met\u00e0l\u00b7lica. Sola PU\\\/PU.\",\"breadcrumb\":{\"@id\":\"https:\\\/\\\/goodwork.cat\\\/producte\\\/sabata-no-metallica-esd-indra-s3s\\\/#breadcrumb\"},\"inLanguage\":\"ca\",\"potentialAction\":[{\"@type\":\"ReadAction\",\"target\":[\"https:\\\/\\\/goodwork.cat\\\/producte\\\/sabata-no-metallica-esd-indra-s3s\\\/\"]}]},{\"@type\":\"ImageObject\",\"inLanguage\":\"ca\",\"@id\":\"https:\\\/\\\/goodwork.cat\\\/producte\\\/sabata-no-metallica-esd-indra-s3s\\\/#primaryimage\",\"url\":\"https:\\\/\\\/goodwork.cat\\\/wp-content\\\/uploads\\\/2024\\\/08\\\/zapato-indra-s3-src-esd-red-bee-work.jpg\",\"contentUrl\":\"https:\\\/\\\/goodwork.cat\\\/wp-content\\\/uploads\\\/2024\\\/08\\\/zapato-indra-s3-src-esd-red-bee-work.jpg\",\"width\":800,\"height\":800},{\"@type\":\"BreadcrumbList\",\"@id\":\"https:\\\/\\\/goodwork.cat\\\/producte\\\/sabata-no-metallica-esd-indra-s3s\\\/#breadcrumb\",\"itemListElement\":[{\"@type\":\"ListItem\",\"position\":1,\"name\":\"Inici\",\"item\":\"https:\\\/\\\/goodwork.cat\\\/\"},{\"@type\":\"ListItem\",\"position\":2,\"name\":\"Botiga\",\"item\":\"https:\\\/\\\/goodwork.cat\\\/botiga\\\/\"},{\"@type\":\"ListItem\",\"position\":3,\"name\":\"SABATA no met\u00e0l\u00b7lica ESD INDRA S3S\"}]},{\"@type\":\"WebSite\",\"@id\":\"https:\\\/\\\/goodwork.cat\\\/#website\",\"url\":\"https:\\\/\\\/goodwork.cat\\\/\",\"name\":\"GOOD WORK EQUIPAMENT LABORAL\",\"description\":\"Vestuari laboral, cal\u00e7at de seguretat, equips de protecci\u00f3 individual (EPIs), senyalitzaci\u00f3 vial i industrial, mobiliari urb\u00e0 i contenidors\",\"publisher\":{\"@id\":\"https:\\\/\\\/goodwork.cat\\\/#organization\"},\"potentialAction\":[{\"@type\":\"SearchAction\",\"target\":{\"@type\":\"EntryPoint\",\"urlTemplate\":\"https:\\\/\\\/goodwork.cat\\\/?s={search_term_string}\"},\"query-input\":{\"@type\":\"PropertyValueSpecification\",\"valueRequired\":true,\"valueName\":\"search_term_string\"}}],\"inLanguage\":\"ca\"},{\"@type\":\"Organization\",\"@id\":\"https:\\\/\\\/goodwork.cat\\\/#organization\",\"name\":\"GOOD WORK GRUP EQUIPAMENTS, S.L.\",\"url\":\"https:\\\/\\\/goodwork.cat\\\/\",\"logo\":{\"@type\":\"ImageObject\",\"inLanguage\":\"ca\",\"@id\":\"https:\\\/\\\/goodwork.cat\\\/#\\\/schema\\\/logo\\\/image\\\/\",\"url\":\"https:\\\/\\\/goodwork.cat\\\/wp-content\\\/uploads\\\/2024\\\/06\\\/logo-1.png\",\"contentUrl\":\"https:\\\/\\\/goodwork.cat\\\/wp-content\\\/uploads\\\/2024\\\/06\\\/logo-1.png\",\"width\":200,\"height\":111,\"caption\":\"GOOD WORK GRUP EQUIPAMENTS, S.L.\"},\"image\":{\"@id\":\"https:\\\/\\\/goodwork.cat\\\/#\\\/schema\\\/logo\\\/image\\\/\"}}]}<\/script>\n<!-- \/ Yoast SEO plugin. -->","yoast_head_json":{"title":"SABATA no met\u00e0l\u00b7lica ESD INDRA S3S - GOOD WORK GRUP EQUIPAMENTS, S.L.","description":"Cal\u00e7at de seguretat. Teixit t\u00e8cnic i refor\u00e7os de pell serratge. Puntera i plantilla no met\u00e0l\u00b7lica. Sola PU\/PU.","robots":{"index":"index","follow":"follow","max-snippet":"max-snippet:-1","max-image-preview":"max-image-preview:large","max-video-preview":"max-video-preview:-1"},"canonical":"https:\/\/goodwork.cat\/ca\/producte\/sabata-no-metallica-esd-indra-s3s\/","og_locale":"ca_ES","og_type":"article","og_title":"SABATA no met\u00e0l\u00b7lica ESD INDRA S3S - GOOD WORK GRUP EQUIPAMENTS, S.L.","og_description":"Cal\u00e7at de seguretat. Teixit t\u00e8cnic i refor\u00e7os de pell serratge. Puntera i plantilla no met\u00e0l\u00b7lica. Sola PU\/PU.","og_url":"https:\/\/goodwork.cat\/ca\/producte\/sabata-no-metallica-esd-indra-s3s\/","og_site_name":"GOOD WORK GRUP EQUIPAMENTS, S.L.","article_modified_time":"2025-04-30T14:46:55+00:00","og_image":[{"width":800,"height":800,"url":"https:\/\/goodwork.cat\/wp-content\/uploads\/2024\/08\/zapato-indra-s3-src-esd-red-bee-work.jpg","type":"image\/jpeg"}],"twitter_card":"summary_large_image","twitter_misc":{"Temps estimat de lectura":"4 minuts"},"schema":{"@context":"https:\/\/schema.org","@graph":[{"@type":"WebPage","@id":"https:\/\/goodwork.cat\/producte\/sabata-no-metallica-esd-indra-s3s\/","url":"https:\/\/goodwork.cat\/producte\/sabata-no-metallica-esd-indra-s3s\/","name":"SABATA no met\u00e0l\u00b7lica ESD INDRA S3S - GOOD WORK GRUP EQUIPAMENTS, S.L.","isPartOf":{"@id":"https:\/\/goodwork.cat\/#website"},"primaryImageOfPage":{"@id":"https:\/\/goodwork.cat\/producte\/sabata-no-metallica-esd-indra-s3s\/#primaryimage"},"image":{"@id":"https:\/\/goodwork.cat\/producte\/sabata-no-metallica-esd-indra-s3s\/#primaryimage"},"thumbnailUrl":"https:\/\/goodwork.cat\/wp-content\/uploads\/2024\/08\/zapato-indra-s3-src-esd-red-bee-work.jpg","datePublished":"2024-08-29T06:28:22+00:00","dateModified":"2025-04-30T14:46:55+00:00","description":"Cal\u00e7at de seguretat. Teixit t\u00e8cnic i refor\u00e7os de pell serratge. Puntera i plantilla no met\u00e0l\u00b7lica. Sola PU\/PU.","breadcrumb":{"@id":"https:\/\/goodwork.cat\/producte\/sabata-no-metallica-esd-indra-s3s\/#breadcrumb"},"inLanguage":"ca","potentialAction":[{"@type":"ReadAction","target":["https:\/\/goodwork.cat\/producte\/sabata-no-metallica-esd-indra-s3s\/"]}]},{"@type":"ImageObject","inLanguage":"ca","@id":"https:\/\/goodwork.cat\/producte\/sabata-no-metallica-esd-indra-s3s\/#primaryimage","url":"https:\/\/goodwork.cat\/wp-content\/uploads\/2024\/08\/zapato-indra-s3-src-esd-red-bee-work.jpg","contentUrl":"https:\/\/goodwork.cat\/wp-content\/uploads\/2024\/08\/zapato-indra-s3-src-esd-red-bee-work.jpg","width":800,"height":800},{"@type":"BreadcrumbList","@id":"https:\/\/goodwork.cat\/producte\/sabata-no-metallica-esd-indra-s3s\/#breadcrumb","itemListElement":[{"@type":"ListItem","position":1,"name":"Inici","item":"https:\/\/goodwork.cat\/"},{"@type":"ListItem","position":2,"name":"Botiga","item":"https:\/\/goodwork.cat\/botiga\/"},{"@type":"ListItem","position":3,"name":"SABATA no met\u00e0l\u00b7lica ESD INDRA S3S"}]},{"@type":"WebSite","@id":"https:\/\/goodwork.cat\/#website","url":"https:\/\/goodwork.cat\/","name":"GOOD WORK EQUIPAMENT LABORAL","description":"Vestuari laboral, cal\u00e7at de seguretat, equips de protecci\u00f3 individual (EPIs), senyalitzaci\u00f3 vial i industrial, mobiliari urb\u00e0 i contenidors","publisher":{"@id":"https:\/\/goodwork.cat\/#organization"},"potentialAction":[{"@type":"SearchAction","target":{"@type":"EntryPoint","urlTemplate":"https:\/\/goodwork.cat\/?s={search_term_string}"},"query-input":{"@type":"PropertyValueSpecification","valueRequired":true,"valueName":"search_term_string"}}],"inLanguage":"ca"},{"@type":"Organization","@id":"https:\/\/goodwork.cat\/#organization","name":"GOOD WORK GRUP EQUIPAMENTS, S.L.","url":"https:\/\/goodwork.cat\/","logo":{"@type":"ImageObject","inLanguage":"ca","@id":"https:\/\/goodwork.cat\/#\/schema\/logo\/image\/","url":"https:\/\/goodwork.cat\/wp-content\/uploads\/2024\/06\/logo-1.png","contentUrl":"https:\/\/goodwork.cat\/wp-content\/uploads\/2024\/06\/logo-1.png","width":200,"height":111,"caption":"GOOD WORK GRUP EQUIPAMENTS, S.L."},"image":{"@id":"https:\/\/goodwork.cat\/#\/schema\/logo\/image\/"}}]}},"uagb_featured_image_src":{"full":["https:\/\/goodwork.cat\/wp-content\/uploads\/2024\/08\/zapato-indra-s3-src-esd-red-bee-work.jpg",800,800,false],"thumbnail":["https:\/\/goodwork.cat\/wp-content\/uploads\/2024\/08\/zapato-indra-s3-src-esd-red-bee-work.jpg",96,96,false],"medium":["https:\/\/goodwork.cat\/wp-content\/uploads\/2024\/08\/zapato-indra-s3-src-esd-red-bee-work.jpg",800,800,false],"medium_large":["https:\/\/goodwork.cat\/wp-content\/uploads\/2024\/08\/zapato-indra-s3-src-esd-red-bee-work-768x768.jpg",768,768,true],"large":["https:\/\/goodwork.cat\/wp-content\/uploads\/2024\/08\/zapato-indra-s3-src-esd-red-bee-work.jpg",800,800,false],"1536x1536":["https:\/\/goodwork.cat\/wp-content\/uploads\/2024\/08\/zapato-indra-s3-src-esd-red-bee-work.jpg",800,800,false],"2048x2048":["https:\/\/goodwork.cat\/wp-content\/uploads\/2024\/08\/zapato-indra-s3-src-esd-red-bee-work.jpg",800,800,false],"trp-custom-language-flag":["https:\/\/goodwork.cat\/wp-content\/uploads\/2024\/08\/zapato-indra-s3-src-esd-red-bee-work.jpg",12,12,false],"woocommerce_thumbnail":["https:\/\/goodwork.cat\/wp-content\/uploads\/2024\/08\/zapato-indra-s3-src-esd-red-bee-work-300x300.jpg",300,300,true],"woocommerce_single":["https:\/\/goodwork.cat\/wp-content\/uploads\/2024\/08\/zapato-indra-s3-src-esd-red-bee-work-600x600.jpg",600,600,true],"woocommerce_gallery_thumbnail":["https:\/\/goodwork.cat\/wp-content\/uploads\/2024\/08\/zapato-indra-s3-src-esd-red-bee-work-100x100.jpg",100,100,true]},"uagb_author_info":{"display_name":"60688d8b1a","author_link":"https:\/\/goodwork.cat\/ca\/author\/"},"uagb_comment_info":0,"uagb_excerpt":"Cal\u00e7at de seguretat. Teixit t\u00e8cnic i refor\u00e7os de pell serratge. Puntera i plantilla no met\u00e0l\u00b7lica. Sola PU\/PU. ESD.\u00a0EN ISO 20345:2022 S3S CI FO SR SC","_links":{"self":[{"href":"https:\/\/goodwork.cat\/ca\/wp-json\/wp\/v2\/product\/1912","targetHints":{"allow":["GET"]}}],"collection":[{"href":"https:\/\/goodwork.cat\/ca\/wp-json\/wp\/v2\/product"}],"about":[{"href":"https:\/\/goodwork.cat\/ca\/wp-json\/wp\/v2\/types\/product"}],"wp:featuredmedia":[{"embeddable":true,"href":"https:\/\/goodwork.cat\/ca\/wp-json\/wp\/v2\/media\/2011"}],"wp:attachment":[{"href":"https:\/\/goodwork.cat\/ca\/wp-json\/wp\/v2\/media?parent=1912"}],"wp:term":[{"taxonomy":"product_brand","embeddable":true,"href":"https:\/\/goodwork.cat\/ca\/wp-json\/wp\/v2\/product_brand?post=1912"},{"taxonomy":"product_cat","embeddable":true,"href":"https:\/\/goodwork.cat\/ca\/wp-json\/wp\/v2\/product_cat?post=1912"},{"taxonomy":"product_tag","embeddable":true,"href":"https:\/\/goodwork.cat\/ca\/wp-json\/wp\/v2\/product_tag?post=1912"}],"curies":[{"name":"wp","href":"https:\/\/api.w.org\/{rel}","templated":true}]}}