{"id":1954,"date":"2024-08-29T10:50:29","date_gmt":"2024-08-29T08:50:29","guid":{"rendered":"https:\/\/goodwork.cat\/?post_type=product&#038;p=1954"},"modified":"2025-04-30T16:46:40","modified_gmt":"2025-04-30T14:46:40","slug":"pantalo-jhayber","status":"publish","type":"product","link":"https:\/\/goodwork.cat\/ca\/producte\/pantalo-jhayber\/","title":{"rendered":"PANTAL\u00d3 J\u2019HAYBER ALABAMA MARINO"},"content":{"rendered":"<ul>\n<li>Per a m\u00e9s informaci\u00f3, consulta la <a href=\"https:\/\/jhayberworks.com\/uploads\/files\/ft\/ft_WA4339-37.pdf\" target=\"_blank\" rel=\"noopener\">fitxa t\u00e8cnica del producte<\/a>.<\/li>\n<\/ul>\n","protected":false},"excerpt":{"rendered":"<ul>\n<li>\n<p class=\"p1\">El pantal\u00f3 Alabama mar\u00ed \u00e9s s\u00faper lleuger. Est\u00e0 fabricat amb teixit el\u00e0stic i molt resistent, t\u00e9 butxaques tipus texans, cosa que fa que tingui un estil casual. La seva comoditat est\u00e0 garantida pel seu teixit i els ajustaments el\u00e0stics a la cintura. A m\u00e9s, \u00e9s molt pr\u00e0ctic gr\u00e0cies a les butxaques portaeines. Fabricat amb 65% poli\u00e8ster, 32% cot\u00f3 i 3% Lycra, i pesa 200 grams.<\/p>\n<\/li>\n<\/ul>\n","protected":false},"featured_media":2056,"template":"","meta":{"_uag_custom_page_level_css":"","site-sidebar-layout":"default","site-content-layout":"","ast-site-content-layout":"default","site-content-style":"default","site-sidebar-style":"default","ast-global-header-display":"","ast-banner-title-visibility":"","ast-main-header-display":"","ast-hfb-above-header-display":"","ast-hfb-below-header-display":"","ast-hfb-mobile-header-display":"","site-post-title":"","ast-breadcrumbs-content":"","ast-featured-img":"","footer-sml-layout":"","ast-disable-related-posts":"","theme-transparent-header-meta":"default","adv-header-id-meta":"","stick-header-meta":"","header-above-stick-meta":"","header-main-stick-meta":"","header-below-stick-meta":"","astra-migrate-meta-layouts":"set","ast-page-background-enabled":"default","ast-page-background-meta":{"desktop":{"background-color":"","background-image":"","background-repeat":"repeat","background-position":"center center","background-size":"auto","background-attachment":"scroll","background-type":"","background-media":"","overlay-type":"","overlay-color":"","overlay-opacity":"","overlay-gradient":""},"tablet":{"background-color":"","background-image":"","background-repeat":"repeat","background-position":"center center","background-size":"auto","background-attachment":"scroll","background-type":"","background-media":"","overlay-type":"","overlay-color":"","overlay-opacity":"","overlay-gradient":""},"mobile":{"background-color":"","background-image":"","background-repeat":"repeat","background-position":"center center","background-size":"auto","background-attachment":"scroll","background-type":"","background-media":"","overlay-type":"","overlay-color":"","overlay-opacity":"","overlay-gradient":""}},"ast-content-background-meta":{"desktop":{"background-color":"var(--ast-global-color-5)","background-image":"","background-repeat":"repeat","background-position":"center center","background-size":"auto","background-attachment":"scroll","background-type":"","background-media":"","overlay-type":"","overlay-color":"","overlay-opacity":"","overlay-gradient":""},"tablet":{"background-color":"var(--ast-global-color-5)","background-image":"","background-repeat":"repeat","background-position":"center center","background-size":"auto","background-attachment":"scroll","background-type":"","background-media":"","overlay-type":"","overlay-color":"","overlay-opacity":"","overlay-gradient":""},"mobile":{"background-color":"var(--ast-global-color-5)","background-image":"","background-repeat":"repeat","background-position":"center center","background-size":"auto","background-attachment":"scroll","background-type":"","background-media":"","overlay-type":"","overlay-color":"","overlay-opacity":"","overlay-gradient":""}}},"product_brand":[],"product_cat":[28],"product_tag":[],"class_list":{"0":"post-1954","1":"product","2":"type-product","3":"status-publish","4":"has-post-thumbnail","6":"product_cat-sense-categoria","7":"desktop-align-left","8":"tablet-align-left","9":"mobile-align-left","11":"first","12":"instock","13":"shipping-taxable","14":"purchasable","15":"product-type-simple"},"yoast_head":"<!-- This site is optimized with the Yoast SEO plugin v27.6 - https:\/\/yoast.com\/product\/yoast-seo-wordpress\/ -->\n<title>PANTAL\u00d3 J\u2019HAYBER ALABAMA MARINO - GOOD WORK GRUP EQUIPAMENTS, S.L.<\/title>\n<meta name=\"description\" content=\"Pantal\u00f3 c\u00f2mode i lleuger, fabricat amb teixit el\u00e0stic molt resistent. T\u00e9 butxaques portaeines i ajustaments el\u00e0stics a la cintura.\" \/>\n<meta name=\"robots\" content=\"index, follow, max-snippet:-1, max-image-preview:large, max-video-preview:-1\" \/>\n<link rel=\"canonical\" href=\"https:\/\/goodwork.cat\/ca\/producte\/pantalo-jhayber\/\" \/>\n<meta property=\"og:locale\" content=\"ca_ES\" \/>\n<meta property=\"og:type\" content=\"article\" \/>\n<meta property=\"og:title\" content=\"PANTAL\u00d3 J\u2019HAYBER ALABAMA MARINO - GOOD WORK GRUP EQUIPAMENTS, S.L.\" \/>\n<meta property=\"og:description\" content=\"Pantal\u00f3 c\u00f2mode i lleuger, fabricat amb teixit el\u00e0stic molt resistent. T\u00e9 butxaques portaeines i ajustaments el\u00e0stics a la cintura.\" \/>\n<meta property=\"og:url\" content=\"https:\/\/goodwork.cat\/ca\/producte\/pantalo-jhayber\/\" \/>\n<meta property=\"og:site_name\" content=\"GOOD WORK GRUP EQUIPAMENTS, S.L.\" \/>\n<meta property=\"article:modified_time\" content=\"2025-04-30T14:46:40+00:00\" \/>\n<meta property=\"og:image\" content=\"https:\/\/goodwork.cat\/wp-content\/uploads\/2024\/08\/pantalon-jhayber-alabama-marino-frontal.jpg\" \/>\n\t<meta property=\"og:image:width\" content=\"555\" \/>\n\t<meta property=\"og:image:height\" content=\"555\" \/>\n\t<meta property=\"og:image:type\" content=\"image\/jpeg\" \/>\n<meta name=\"twitter:card\" content=\"summary_large_image\" \/>\n<meta name=\"twitter:label1\" content=\"Temps estimat de lectura\" \/>\n\t<meta name=\"twitter:data1\" content=\"1 minut\" \/>\n<script type=\"application\/ld+json\" class=\"yoast-schema-graph\">{\"@context\":\"https:\\\/\\\/schema.org\",\"@graph\":[{\"@type\":\"WebPage\",\"@id\":\"https:\\\/\\\/goodwork.cat\\\/producte\\\/pantalo-jhayber\\\/\",\"url\":\"https:\\\/\\\/goodwork.cat\\\/producte\\\/pantalo-jhayber\\\/\",\"name\":\"PANTAL\u00d3 J\u2019HAYBER ALABAMA MARINO - GOOD WORK GRUP EQUIPAMENTS, S.L.\",\"isPartOf\":{\"@id\":\"https:\\\/\\\/goodwork.cat\\\/#website\"},\"primaryImageOfPage\":{\"@id\":\"https:\\\/\\\/goodwork.cat\\\/producte\\\/pantalo-jhayber\\\/#primaryimage\"},\"image\":{\"@id\":\"https:\\\/\\\/goodwork.cat\\\/producte\\\/pantalo-jhayber\\\/#primaryimage\"},\"thumbnailUrl\":\"https:\\\/\\\/goodwork.cat\\\/wp-content\\\/uploads\\\/2024\\\/08\\\/pantalon-jhayber-alabama-marino-frontal.jpg\",\"datePublished\":\"2024-08-29T08:50:29+00:00\",\"dateModified\":\"2025-04-30T14:46:40+00:00\",\"description\":\"Pantal\u00f3 c\u00f2mode i lleuger, fabricat amb teixit el\u00e0stic molt resistent. T\u00e9 butxaques portaeines i ajustaments el\u00e0stics a la cintura.\",\"breadcrumb\":{\"@id\":\"https:\\\/\\\/goodwork.cat\\\/producte\\\/pantalo-jhayber\\\/#breadcrumb\"},\"inLanguage\":\"ca\",\"potentialAction\":[{\"@type\":\"ReadAction\",\"target\":[\"https:\\\/\\\/goodwork.cat\\\/producte\\\/pantalo-jhayber\\\/\"]}]},{\"@type\":\"ImageObject\",\"inLanguage\":\"ca\",\"@id\":\"https:\\\/\\\/goodwork.cat\\\/producte\\\/pantalo-jhayber\\\/#primaryimage\",\"url\":\"https:\\\/\\\/goodwork.cat\\\/wp-content\\\/uploads\\\/2024\\\/08\\\/pantalon-jhayber-alabama-marino-frontal.jpg\",\"contentUrl\":\"https:\\\/\\\/goodwork.cat\\\/wp-content\\\/uploads\\\/2024\\\/08\\\/pantalon-jhayber-alabama-marino-frontal.jpg\",\"width\":555,\"height\":555},{\"@type\":\"BreadcrumbList\",\"@id\":\"https:\\\/\\\/goodwork.cat\\\/producte\\\/pantalo-jhayber\\\/#breadcrumb\",\"itemListElement\":[{\"@type\":\"ListItem\",\"position\":1,\"name\":\"Inici\",\"item\":\"https:\\\/\\\/goodwork.cat\\\/\"},{\"@type\":\"ListItem\",\"position\":2,\"name\":\"Botiga\",\"item\":\"https:\\\/\\\/goodwork.cat\\\/botiga\\\/\"},{\"@type\":\"ListItem\",\"position\":3,\"name\":\"PANTAL\u00d3 J\u2019HAYBER ALABAMA MARINO\"}]},{\"@type\":\"WebSite\",\"@id\":\"https:\\\/\\\/goodwork.cat\\\/#website\",\"url\":\"https:\\\/\\\/goodwork.cat\\\/\",\"name\":\"GOOD WORK EQUIPAMENT LABORAL\",\"description\":\"Vestuari laboral, cal\u00e7at de seguretat, equips de protecci\u00f3 individual (EPIs), senyalitzaci\u00f3 vial i industrial, mobiliari urb\u00e0 i contenidors\",\"publisher\":{\"@id\":\"https:\\\/\\\/goodwork.cat\\\/#organization\"},\"potentialAction\":[{\"@type\":\"SearchAction\",\"target\":{\"@type\":\"EntryPoint\",\"urlTemplate\":\"https:\\\/\\\/goodwork.cat\\\/?s={search_term_string}\"},\"query-input\":{\"@type\":\"PropertyValueSpecification\",\"valueRequired\":true,\"valueName\":\"search_term_string\"}}],\"inLanguage\":\"ca\"},{\"@type\":\"Organization\",\"@id\":\"https:\\\/\\\/goodwork.cat\\\/#organization\",\"name\":\"GOOD WORK GRUP EQUIPAMENTS, S.L.\",\"url\":\"https:\\\/\\\/goodwork.cat\\\/\",\"logo\":{\"@type\":\"ImageObject\",\"inLanguage\":\"ca\",\"@id\":\"https:\\\/\\\/goodwork.cat\\\/#\\\/schema\\\/logo\\\/image\\\/\",\"url\":\"https:\\\/\\\/goodwork.cat\\\/wp-content\\\/uploads\\\/2024\\\/06\\\/logo-1.png\",\"contentUrl\":\"https:\\\/\\\/goodwork.cat\\\/wp-content\\\/uploads\\\/2024\\\/06\\\/logo-1.png\",\"width\":200,\"height\":111,\"caption\":\"GOOD WORK GRUP EQUIPAMENTS, S.L.\"},\"image\":{\"@id\":\"https:\\\/\\\/goodwork.cat\\\/#\\\/schema\\\/logo\\\/image\\\/\"}}]}<\/script>\n<!-- \/ Yoast SEO plugin. -->","yoast_head_json":{"title":"PANTAL\u00d3 J\u2019HAYBER ALABAMA MARINO - GOOD WORK GRUP EQUIPAMENTS, S.L.","description":"Pantal\u00f3 c\u00f2mode i lleuger, fabricat amb teixit el\u00e0stic molt resistent. T\u00e9 butxaques portaeines i ajustaments el\u00e0stics a la cintura.","robots":{"index":"index","follow":"follow","max-snippet":"max-snippet:-1","max-image-preview":"max-image-preview:large","max-video-preview":"max-video-preview:-1"},"canonical":"https:\/\/goodwork.cat\/ca\/producte\/pantalo-jhayber\/","og_locale":"ca_ES","og_type":"article","og_title":"PANTAL\u00d3 J\u2019HAYBER ALABAMA MARINO - GOOD WORK GRUP EQUIPAMENTS, S.L.","og_description":"Pantal\u00f3 c\u00f2mode i lleuger, fabricat amb teixit el\u00e0stic molt resistent. T\u00e9 butxaques portaeines i ajustaments el\u00e0stics a la cintura.","og_url":"https:\/\/goodwork.cat\/ca\/producte\/pantalo-jhayber\/","og_site_name":"GOOD WORK GRUP EQUIPAMENTS, S.L.","article_modified_time":"2025-04-30T14:46:40+00:00","og_image":[{"width":555,"height":555,"url":"https:\/\/goodwork.cat\/wp-content\/uploads\/2024\/08\/pantalon-jhayber-alabama-marino-frontal.jpg","type":"image\/jpeg"}],"twitter_card":"summary_large_image","twitter_misc":{"Temps estimat de lectura":"1 minut"},"schema":{"@context":"https:\/\/schema.org","@graph":[{"@type":"WebPage","@id":"https:\/\/goodwork.cat\/producte\/pantalo-jhayber\/","url":"https:\/\/goodwork.cat\/producte\/pantalo-jhayber\/","name":"PANTAL\u00d3 J\u2019HAYBER ALABAMA MARINO - GOOD WORK GRUP EQUIPAMENTS, S.L.","isPartOf":{"@id":"https:\/\/goodwork.cat\/#website"},"primaryImageOfPage":{"@id":"https:\/\/goodwork.cat\/producte\/pantalo-jhayber\/#primaryimage"},"image":{"@id":"https:\/\/goodwork.cat\/producte\/pantalo-jhayber\/#primaryimage"},"thumbnailUrl":"https:\/\/goodwork.cat\/wp-content\/uploads\/2024\/08\/pantalon-jhayber-alabama-marino-frontal.jpg","datePublished":"2024-08-29T08:50:29+00:00","dateModified":"2025-04-30T14:46:40+00:00","description":"Pantal\u00f3 c\u00f2mode i lleuger, fabricat amb teixit el\u00e0stic molt resistent. T\u00e9 butxaques portaeines i ajustaments el\u00e0stics a la cintura.","breadcrumb":{"@id":"https:\/\/goodwork.cat\/producte\/pantalo-jhayber\/#breadcrumb"},"inLanguage":"ca","potentialAction":[{"@type":"ReadAction","target":["https:\/\/goodwork.cat\/producte\/pantalo-jhayber\/"]}]},{"@type":"ImageObject","inLanguage":"ca","@id":"https:\/\/goodwork.cat\/producte\/pantalo-jhayber\/#primaryimage","url":"https:\/\/goodwork.cat\/wp-content\/uploads\/2024\/08\/pantalon-jhayber-alabama-marino-frontal.jpg","contentUrl":"https:\/\/goodwork.cat\/wp-content\/uploads\/2024\/08\/pantalon-jhayber-alabama-marino-frontal.jpg","width":555,"height":555},{"@type":"BreadcrumbList","@id":"https:\/\/goodwork.cat\/producte\/pantalo-jhayber\/#breadcrumb","itemListElement":[{"@type":"ListItem","position":1,"name":"Inici","item":"https:\/\/goodwork.cat\/"},{"@type":"ListItem","position":2,"name":"Botiga","item":"https:\/\/goodwork.cat\/botiga\/"},{"@type":"ListItem","position":3,"name":"PANTAL\u00d3 J\u2019HAYBER ALABAMA MARINO"}]},{"@type":"WebSite","@id":"https:\/\/goodwork.cat\/#website","url":"https:\/\/goodwork.cat\/","name":"GOOD WORK EQUIPAMENT LABORAL","description":"Vestuari laboral, cal\u00e7at de seguretat, equips de protecci\u00f3 individual (EPIs), senyalitzaci\u00f3 vial i industrial, mobiliari urb\u00e0 i contenidors","publisher":{"@id":"https:\/\/goodwork.cat\/#organization"},"potentialAction":[{"@type":"SearchAction","target":{"@type":"EntryPoint","urlTemplate":"https:\/\/goodwork.cat\/?s={search_term_string}"},"query-input":{"@type":"PropertyValueSpecification","valueRequired":true,"valueName":"search_term_string"}}],"inLanguage":"ca"},{"@type":"Organization","@id":"https:\/\/goodwork.cat\/#organization","name":"GOOD WORK GRUP EQUIPAMENTS, S.L.","url":"https:\/\/goodwork.cat\/","logo":{"@type":"ImageObject","inLanguage":"ca","@id":"https:\/\/goodwork.cat\/#\/schema\/logo\/image\/","url":"https:\/\/goodwork.cat\/wp-content\/uploads\/2024\/06\/logo-1.png","contentUrl":"https:\/\/goodwork.cat\/wp-content\/uploads\/2024\/06\/logo-1.png","width":200,"height":111,"caption":"GOOD WORK GRUP EQUIPAMENTS, S.L."},"image":{"@id":"https:\/\/goodwork.cat\/#\/schema\/logo\/image\/"}}]}},"uagb_featured_image_src":{"full":["https:\/\/goodwork.cat\/wp-content\/uploads\/2024\/08\/pantalon-jhayber-alabama-marino-frontal.jpg",555,555,false],"thumbnail":["https:\/\/goodwork.cat\/wp-content\/uploads\/2024\/08\/pantalon-jhayber-alabama-marino-frontal.jpg",96,96,false],"medium":["https:\/\/goodwork.cat\/wp-content\/uploads\/2024\/08\/pantalon-jhayber-alabama-marino-frontal.jpg",555,555,false],"medium_large":["https:\/\/goodwork.cat\/wp-content\/uploads\/2024\/08\/pantalon-jhayber-alabama-marino-frontal.jpg",555,555,false],"large":["https:\/\/goodwork.cat\/wp-content\/uploads\/2024\/08\/pantalon-jhayber-alabama-marino-frontal.jpg",555,555,false],"1536x1536":["https:\/\/goodwork.cat\/wp-content\/uploads\/2024\/08\/pantalon-jhayber-alabama-marino-frontal.jpg",555,555,false],"2048x2048":["https:\/\/goodwork.cat\/wp-content\/uploads\/2024\/08\/pantalon-jhayber-alabama-marino-frontal.jpg",555,555,false],"trp-custom-language-flag":["https:\/\/goodwork.cat\/wp-content\/uploads\/2024\/08\/pantalon-jhayber-alabama-marino-frontal.jpg",12,12,false],"woocommerce_thumbnail":["https:\/\/goodwork.cat\/wp-content\/uploads\/2024\/08\/pantalon-jhayber-alabama-marino-frontal-300x300.jpg",300,300,true],"woocommerce_single":["https:\/\/goodwork.cat\/wp-content\/uploads\/2024\/08\/pantalon-jhayber-alabama-marino-frontal.jpg",555,555,false],"woocommerce_gallery_thumbnail":["https:\/\/goodwork.cat\/wp-content\/uploads\/2024\/08\/pantalon-jhayber-alabama-marino-frontal-100x100.jpg",100,100,true]},"uagb_author_info":{"display_name":"60688d8b1a","author_link":"https:\/\/goodwork.cat\/ca\/author\/"},"uagb_comment_info":0,"uagb_excerpt":"El pantal\u00f3 Alabama mar\u00ed \u00e9s s\u00faper lleuger. Est\u00e0 fabricat amb teixit el\u00e0stic i molt resistent, t\u00e9 butxaques tipus texans, cosa que fa que tingui un estil casual. La seva comoditat est\u00e0 garantida pel seu teixit i els ajustaments el\u00e0stics a la cintura. A m\u00e9s, \u00e9s molt pr\u00e0ctic gr\u00e0cies a les butxaques portaeines. Fabricat amb 65%&hellip;","_links":{"self":[{"href":"https:\/\/goodwork.cat\/ca\/wp-json\/wp\/v2\/product\/1954","targetHints":{"allow":["GET"]}}],"collection":[{"href":"https:\/\/goodwork.cat\/ca\/wp-json\/wp\/v2\/product"}],"about":[{"href":"https:\/\/goodwork.cat\/ca\/wp-json\/wp\/v2\/types\/product"}],"wp:featuredmedia":[{"embeddable":true,"href":"https:\/\/goodwork.cat\/ca\/wp-json\/wp\/v2\/media\/2056"}],"wp:attachment":[{"href":"https:\/\/goodwork.cat\/ca\/wp-json\/wp\/v2\/media?parent=1954"}],"wp:term":[{"taxonomy":"product_brand","embeddable":true,"href":"https:\/\/goodwork.cat\/ca\/wp-json\/wp\/v2\/product_brand?post=1954"},{"taxonomy":"product_cat","embeddable":true,"href":"https:\/\/goodwork.cat\/ca\/wp-json\/wp\/v2\/product_cat?post=1954"},{"taxonomy":"product_tag","embeddable":true,"href":"https:\/\/goodwork.cat\/ca\/wp-json\/wp\/v2\/product_tag?post=1954"}],"curies":[{"name":"wp","href":"https:\/\/api.w.org\/{rel}","templated":true}]}}