{"id":1945,"date":"2024-08-29T09:54:57","date_gmt":"2024-08-29T07:54:57","guid":{"rendered":"https:\/\/goodwork.cat\/?post_type=product&#038;p=1945"},"modified":"2025-04-30T16:46:53","modified_gmt":"2025-04-30T14:46:53","slug":"bota-de-treball-de-seguretat-chintex-1025","status":"publish","type":"product","link":"https:\/\/goodwork.cat\/es\/producto\/bota-de-treball-de-seguretat-chintex-1025\/","title":{"rendered":"Bota de Trabajo de Seguridad Chintex 1025"},"content":{"rendered":"<ul>\n<li class=\"li1\">Para m\u00e1s informaci\u00f3n, consulta la\u00a0<a href=\"https:\/\/www.suministroslaborales.com\/index.php?controller=attachment&amp;id_attachment=722\" target=\"_blank\" rel=\"noopener\">fitxa t\u00e8cnica\u00a0del producte<\/a>.<\/li>\n<\/ul>\n<style type=\"text\/css\">\n.prod-icons{display:flex; flex-wrap:wrap; gap:16px; justify-content:flex-start; align-items:flex-start; margin:2rem auto 1rem;padding:18px 12px; background:#fff; border:1px solid #e0e0e0;}.prod-icons-item{display:flex; flex-direction:column; justify-content:center; align-items: center; gap:2px;flex-basis: 16%; flex-wrap:wrap;}.prod-icon-title{text-align:center; font-size:0.6rem; text-transform:uppercase; line-height:1;}<\/style>\n<div class=\"prod-icons\">\n<div class=\"prod-icons-item\"><img decoding=\"async\" class=\"alignnone size-full wp-image-2021\" src=\"https:\/\/goodwork.cat\/wp-content\/uploads\/2024\/08\/SUELA-ANTIDESLIZANTE.webp\" alt=\"\" width=\"41\" height=\"47\" \/><\/p>\n<div class=\"prod-icon-title\">Suela antideslizante<\/div>\n<\/div>\n<div class=\"prod-icons-item\"><img decoding=\"async\" class=\"alignnone wp-image-2018 size-full\" src=\"https:\/\/goodwork.cat\/wp-content\/uploads\/2024\/08\/PUINTERA-DE-SEGURIDAD-NO-METALICA.webp\" alt=\"\" width=\"41\" height=\"47\" \/><\/p>\n<div class=\"prod-icon-title\">Puntera de acero<\/div>\n<\/div>\n<div class=\"prod-icons-item\">\n<p><img decoding=\"async\" class=\"alignnone size-full wp-image-2019\" src=\"https:\/\/goodwork.cat\/wp-content\/uploads\/2024\/08\/PLANTILLA-EXTRA-CONFORT.webp\" alt=\"\" width=\"41\" height=\"47\" \/><\/p>\n<div class=\"prod-icon-title\">Plantilla antiperforaci\u00f3n de acero<\/div>\n<\/div>\n<div class=\"prod-icons-item\">\n<p><img loading=\"lazy\" decoding=\"async\" class=\"alignnone size-full wp-image-2020\" src=\"https:\/\/goodwork.cat\/wp-content\/uploads\/2024\/08\/CALZADO-ANTIESTATICO.webp\" alt=\"\" width=\"41\" height=\"47\" \/><\/p>\n<div class=\"prod-icon-title\">Calzado antiest\u00e1tico<\/div>\n<\/div>\n<div class=\"prod-icons-item\">\n<p><img loading=\"lazy\" decoding=\"async\" class=\"alignnone size-full wp-image-2017\" src=\"https:\/\/goodwork.cat\/wp-content\/uploads\/2024\/08\/ABSORCION-ENERGIA-EN-EL-TALON.webp\" alt=\"\" width=\"41\" height=\"47\" \/><\/p>\n<div class=\"prod-icon-title\">Absorci\u00f3n de energ\u00eda en el tal\u00f3n<\/div>\n<\/div>\n<div class=\"prod-icons-item\"><img loading=\"lazy\" decoding=\"async\" class=\"alignnone size-full wp-image-2022\" src=\"https:\/\/goodwork.cat\/wp-content\/uploads\/2024\/08\/SUELA-RESISTENTE-A-ACEITES-E-HIDROCARBUROS.webp\" alt=\"\" width=\"41\" height=\"47\" \/><\/p>\n<div class=\"prod-icon-title\">Resistente a aceites e hidrocarburos<\/div>\n<\/div>\n<div class=\"prod-icons-item\">\n<img loading=\"lazy\" decoding=\"async\" class=\"alignnone size-full wp-image-2016\" src=\"https:\/\/goodwork.cat\/wp-content\/uploads\/2024\/08\/TRATAMIENTO-HIDROFUGO.webp\" alt=\"\" width=\"41\" height=\"47\" \/><\/p>\n<div class=\"prod-icon-title\">Resistente al agua<\/div>\n<\/div>\n<\/div>","protected":false},"excerpt":{"rendered":"<p class=\"p1\">Bota de seguretat, exterior de flor de pell negra hidrofugada, lleng\u00fceta de pell encoixinada, coll de pell negra, tanca Triangular, cordons de poliamida d&#8217;alta resist\u00e8ncia.<\/p>\n<p class=\"p1\">Sola antiest\u00e0tica i antilliscant, poliuret\u00e0 de doble densitat, puntera d&#8217;acer inoxidable, tal\u00f3 absorbeix impactes i plantilla antiperforaci\u00f3 d&#8217;acer.<\/p>","protected":false},"featured_media":2031,"template":"","meta":{"_uag_custom_page_level_css":"","site-sidebar-layout":"default","site-content-layout":"","ast-site-content-layout":"default","site-content-style":"default","site-sidebar-style":"default","ast-global-header-display":"","ast-banner-title-visibility":"","ast-main-header-display":"","ast-hfb-above-header-display":"","ast-hfb-below-header-display":"","ast-hfb-mobile-header-display":"","site-post-title":"","ast-breadcrumbs-content":"","ast-featured-img":"","footer-sml-layout":"","ast-disable-related-posts":"","theme-transparent-header-meta":"default","adv-header-id-meta":"","stick-header-meta":"","header-above-stick-meta":"","header-main-stick-meta":"","header-below-stick-meta":"","astra-migrate-meta-layouts":"set","ast-page-background-enabled":"default","ast-page-background-meta":{"desktop":{"background-color":"","background-image":"","background-repeat":"repeat","background-position":"center center","background-size":"auto","background-attachment":"scroll","background-type":"","background-media":"","overlay-type":"","overlay-color":"","overlay-opacity":"","overlay-gradient":""},"tablet":{"background-color":"","background-image":"","background-repeat":"repeat","background-position":"center center","background-size":"auto","background-attachment":"scroll","background-type":"","background-media":"","overlay-type":"","overlay-color":"","overlay-opacity":"","overlay-gradient":""},"mobile":{"background-color":"","background-image":"","background-repeat":"repeat","background-position":"center center","background-size":"auto","background-attachment":"scroll","background-type":"","background-media":"","overlay-type":"","overlay-color":"","overlay-opacity":"","overlay-gradient":""}},"ast-content-background-meta":{"desktop":{"background-color":"var(--ast-global-color-5)","background-image":"","background-repeat":"repeat","background-position":"center center","background-size":"auto","background-attachment":"scroll","background-type":"","background-media":"","overlay-type":"","overlay-color":"","overlay-opacity":"","overlay-gradient":""},"tablet":{"background-color":"var(--ast-global-color-5)","background-image":"","background-repeat":"repeat","background-position":"center center","background-size":"auto","background-attachment":"scroll","background-type":"","background-media":"","overlay-type":"","overlay-color":"","overlay-opacity":"","overlay-gradient":""},"mobile":{"background-color":"var(--ast-global-color-5)","background-image":"","background-repeat":"repeat","background-position":"center center","background-size":"auto","background-attachment":"scroll","background-type":"","background-media":"","overlay-type":"","overlay-color":"","overlay-opacity":"","overlay-gradient":""}}},"product_brand":[],"product_cat":[28],"product_tag":[],"class_list":{"0":"post-1945","1":"product","2":"type-product","3":"status-publish","4":"has-post-thumbnail","6":"product_cat-sense-categoria","7":"desktop-align-left","8":"tablet-align-left","9":"mobile-align-left","11":"first","12":"instock","13":"shipping-taxable","14":"purchasable","15":"product-type-simple"},"yoast_head":"<!-- This site is optimized with the Yoast SEO plugin v27.6 - https:\/\/yoast.com\/product\/yoast-seo-wordpress\/ -->\n<title>Bota de Treball de Seguretat Chintex 1025 - GOOD WORK GRUP EQUIPAMENTS, S.L.<\/title>\n<meta name=\"description\" content=\"Bota de seguretat, exterior de flor de pell negra hidrofugada, coll de pell negra, tanca Triangular, cordons de poliamida d&#039;alta resist\u00e8ncia\" \/>\n<meta name=\"robots\" content=\"index, follow, max-snippet:-1, max-image-preview:large, max-video-preview:-1\" \/>\n<link rel=\"canonical\" href=\"https:\/\/goodwork.cat\/es\/producto\/bota-de-treball-de-seguretat-chintex-1025\/\" \/>\n<meta property=\"og:locale\" content=\"es_ES\" \/>\n<meta property=\"og:type\" content=\"article\" \/>\n<meta property=\"og:title\" content=\"Bota de Treball de Seguretat Chintex 1025 - GOOD WORK GRUP EQUIPAMENTS, S.L.\" \/>\n<meta property=\"og:description\" content=\"Bota de seguretat, exterior de flor de pell negra hidrofugada, coll de pell negra, tanca Triangular, cordons de poliamida d&#039;alta resist\u00e8ncia\" \/>\n<meta property=\"og:url\" content=\"https:\/\/goodwork.cat\/es\/producto\/bota-de-treball-de-seguretat-chintex-1025\/\" \/>\n<meta property=\"og:site_name\" content=\"GOOD WORK GRUP EQUIPAMENTS, S.L.\" \/>\n<meta property=\"article:modified_time\" content=\"2025-04-30T14:46:53+00:00\" \/>\n<meta property=\"og:image\" content=\"https:\/\/goodwork.cat\/wp-content\/uploads\/2024\/08\/bota-de-trabajo-de-seguridad-chintex-1025.jpg\" \/>\n\t<meta property=\"og:image:width\" content=\"458\" \/>\n\t<meta property=\"og:image:height\" content=\"458\" \/>\n\t<meta property=\"og:image:type\" content=\"image\/jpeg\" \/>\n<meta name=\"twitter:card\" content=\"summary_large_image\" \/>\n<meta name=\"twitter:label1\" content=\"Tiempo de lectura\" \/>\n\t<meta name=\"twitter:data1\" content=\"2 minutos\" \/>\n<script type=\"application\/ld+json\" class=\"yoast-schema-graph\">{\"@context\":\"https:\\\/\\\/schema.org\",\"@graph\":[{\"@type\":\"WebPage\",\"@id\":\"https:\\\/\\\/goodwork.cat\\\/producte\\\/bota-de-treball-de-seguretat-chintex-1025\\\/\",\"url\":\"https:\\\/\\\/goodwork.cat\\\/producte\\\/bota-de-treball-de-seguretat-chintex-1025\\\/\",\"name\":\"Bota de Treball de Seguretat Chintex 1025 - GOOD WORK GRUP EQUIPAMENTS, S.L.\",\"isPartOf\":{\"@id\":\"https:\\\/\\\/goodwork.cat\\\/#website\"},\"primaryImageOfPage\":{\"@id\":\"https:\\\/\\\/goodwork.cat\\\/producte\\\/bota-de-treball-de-seguretat-chintex-1025\\\/#primaryimage\"},\"image\":{\"@id\":\"https:\\\/\\\/goodwork.cat\\\/producte\\\/bota-de-treball-de-seguretat-chintex-1025\\\/#primaryimage\"},\"thumbnailUrl\":\"https:\\\/\\\/goodwork.cat\\\/wp-content\\\/uploads\\\/2024\\\/08\\\/bota-de-trabajo-de-seguridad-chintex-1025.jpg\",\"datePublished\":\"2024-08-29T07:54:57+00:00\",\"dateModified\":\"2025-04-30T14:46:53+00:00\",\"description\":\"Bota de seguretat, exterior de flor de pell negra hidrofugada, coll de pell negra, tanca Triangular, cordons de poliamida d'alta resist\u00e8ncia\",\"breadcrumb\":{\"@id\":\"https:\\\/\\\/goodwork.cat\\\/producte\\\/bota-de-treball-de-seguretat-chintex-1025\\\/#breadcrumb\"},\"inLanguage\":\"es\",\"potentialAction\":[{\"@type\":\"ReadAction\",\"target\":[\"https:\\\/\\\/goodwork.cat\\\/producte\\\/bota-de-treball-de-seguretat-chintex-1025\\\/\"]}]},{\"@type\":\"ImageObject\",\"inLanguage\":\"es\",\"@id\":\"https:\\\/\\\/goodwork.cat\\\/producte\\\/bota-de-treball-de-seguretat-chintex-1025\\\/#primaryimage\",\"url\":\"https:\\\/\\\/goodwork.cat\\\/wp-content\\\/uploads\\\/2024\\\/08\\\/bota-de-trabajo-de-seguridad-chintex-1025.jpg\",\"contentUrl\":\"https:\\\/\\\/goodwork.cat\\\/wp-content\\\/uploads\\\/2024\\\/08\\\/bota-de-trabajo-de-seguridad-chintex-1025.jpg\",\"width\":458,\"height\":458},{\"@type\":\"BreadcrumbList\",\"@id\":\"https:\\\/\\\/goodwork.cat\\\/producte\\\/bota-de-treball-de-seguretat-chintex-1025\\\/#breadcrumb\",\"itemListElement\":[{\"@type\":\"ListItem\",\"position\":1,\"name\":\"Inici\",\"item\":\"https:\\\/\\\/goodwork.cat\\\/\"},{\"@type\":\"ListItem\",\"position\":2,\"name\":\"Botiga\",\"item\":\"https:\\\/\\\/goodwork.cat\\\/botiga\\\/\"},{\"@type\":\"ListItem\",\"position\":3,\"name\":\"Bota de Treball de Seguretat Chintex 1025\"}]},{\"@type\":\"WebSite\",\"@id\":\"https:\\\/\\\/goodwork.cat\\\/#website\",\"url\":\"https:\\\/\\\/goodwork.cat\\\/\",\"name\":\"GOOD WORK EQUIPAMENT LABORAL\",\"description\":\"Vestuari laboral, cal\u00e7at de seguretat, equips de protecci\u00f3 individual (EPIs), senyalitzaci\u00f3 vial i industrial, mobiliari urb\u00e0 i contenidors\",\"publisher\":{\"@id\":\"https:\\\/\\\/goodwork.cat\\\/#organization\"},\"potentialAction\":[{\"@type\":\"SearchAction\",\"target\":{\"@type\":\"EntryPoint\",\"urlTemplate\":\"https:\\\/\\\/goodwork.cat\\\/?s={search_term_string}\"},\"query-input\":{\"@type\":\"PropertyValueSpecification\",\"valueRequired\":true,\"valueName\":\"search_term_string\"}}],\"inLanguage\":\"es\"},{\"@type\":\"Organization\",\"@id\":\"https:\\\/\\\/goodwork.cat\\\/#organization\",\"name\":\"GOOD WORK GRUP EQUIPAMENTS, S.L.\",\"url\":\"https:\\\/\\\/goodwork.cat\\\/\",\"logo\":{\"@type\":\"ImageObject\",\"inLanguage\":\"es\",\"@id\":\"https:\\\/\\\/goodwork.cat\\\/#\\\/schema\\\/logo\\\/image\\\/\",\"url\":\"https:\\\/\\\/goodwork.cat\\\/wp-content\\\/uploads\\\/2024\\\/06\\\/logo-1.png\",\"contentUrl\":\"https:\\\/\\\/goodwork.cat\\\/wp-content\\\/uploads\\\/2024\\\/06\\\/logo-1.png\",\"width\":200,\"height\":111,\"caption\":\"GOOD WORK GRUP EQUIPAMENTS, S.L.\"},\"image\":{\"@id\":\"https:\\\/\\\/goodwork.cat\\\/#\\\/schema\\\/logo\\\/image\\\/\"}}]}<\/script>\n<!-- \/ Yoast SEO plugin. -->","yoast_head_json":{"title":"Bota de Treball de Seguretat Chintex 1025 - GOOD WORK GRUP EQUIPAMENTS, S.L.","description":"Bota de seguretat, exterior de flor de pell negra hidrofugada, coll de pell negra, tanca Triangular, cordons de poliamida d'alta resist\u00e8ncia","robots":{"index":"index","follow":"follow","max-snippet":"max-snippet:-1","max-image-preview":"max-image-preview:large","max-video-preview":"max-video-preview:-1"},"canonical":"https:\/\/goodwork.cat\/es\/producto\/bota-de-treball-de-seguretat-chintex-1025\/","og_locale":"es_ES","og_type":"article","og_title":"Bota de Treball de Seguretat Chintex 1025 - GOOD WORK GRUP EQUIPAMENTS, S.L.","og_description":"Bota de seguretat, exterior de flor de pell negra hidrofugada, coll de pell negra, tanca Triangular, cordons de poliamida d'alta resist\u00e8ncia","og_url":"https:\/\/goodwork.cat\/es\/producto\/bota-de-treball-de-seguretat-chintex-1025\/","og_site_name":"GOOD WORK GRUP EQUIPAMENTS, S.L.","article_modified_time":"2025-04-30T14:46:53+00:00","og_image":[{"width":458,"height":458,"url":"https:\/\/goodwork.cat\/wp-content\/uploads\/2024\/08\/bota-de-trabajo-de-seguridad-chintex-1025.jpg","type":"image\/jpeg"}],"twitter_card":"summary_large_image","twitter_misc":{"Tiempo de lectura":"2 minutos"},"schema":{"@context":"https:\/\/schema.org","@graph":[{"@type":"WebPage","@id":"https:\/\/goodwork.cat\/producte\/bota-de-treball-de-seguretat-chintex-1025\/","url":"https:\/\/goodwork.cat\/producte\/bota-de-treball-de-seguretat-chintex-1025\/","name":"Bota de Treball de Seguretat Chintex 1025 - GOOD WORK GRUP EQUIPAMENTS, S.L.","isPartOf":{"@id":"https:\/\/goodwork.cat\/#website"},"primaryImageOfPage":{"@id":"https:\/\/goodwork.cat\/producte\/bota-de-treball-de-seguretat-chintex-1025\/#primaryimage"},"image":{"@id":"https:\/\/goodwork.cat\/producte\/bota-de-treball-de-seguretat-chintex-1025\/#primaryimage"},"thumbnailUrl":"https:\/\/goodwork.cat\/wp-content\/uploads\/2024\/08\/bota-de-trabajo-de-seguridad-chintex-1025.jpg","datePublished":"2024-08-29T07:54:57+00:00","dateModified":"2025-04-30T14:46:53+00:00","description":"Bota de seguretat, exterior de flor de pell negra hidrofugada, coll de pell negra, tanca Triangular, cordons de poliamida d'alta resist\u00e8ncia","breadcrumb":{"@id":"https:\/\/goodwork.cat\/producte\/bota-de-treball-de-seguretat-chintex-1025\/#breadcrumb"},"inLanguage":"es","potentialAction":[{"@type":"ReadAction","target":["https:\/\/goodwork.cat\/producte\/bota-de-treball-de-seguretat-chintex-1025\/"]}]},{"@type":"ImageObject","inLanguage":"es","@id":"https:\/\/goodwork.cat\/producte\/bota-de-treball-de-seguretat-chintex-1025\/#primaryimage","url":"https:\/\/goodwork.cat\/wp-content\/uploads\/2024\/08\/bota-de-trabajo-de-seguridad-chintex-1025.jpg","contentUrl":"https:\/\/goodwork.cat\/wp-content\/uploads\/2024\/08\/bota-de-trabajo-de-seguridad-chintex-1025.jpg","width":458,"height":458},{"@type":"BreadcrumbList","@id":"https:\/\/goodwork.cat\/producte\/bota-de-treball-de-seguretat-chintex-1025\/#breadcrumb","itemListElement":[{"@type":"ListItem","position":1,"name":"Inici","item":"https:\/\/goodwork.cat\/"},{"@type":"ListItem","position":2,"name":"Botiga","item":"https:\/\/goodwork.cat\/botiga\/"},{"@type":"ListItem","position":3,"name":"Bota de Treball de Seguretat Chintex 1025"}]},{"@type":"WebSite","@id":"https:\/\/goodwork.cat\/#website","url":"https:\/\/goodwork.cat\/","name":"GOOD WORK EQUIPAMENT LABORAL","description":"Vestuari laboral, cal\u00e7at de seguretat, equips de protecci\u00f3 individual (EPIs), senyalitzaci\u00f3 vial i industrial, mobiliari urb\u00e0 i contenidors","publisher":{"@id":"https:\/\/goodwork.cat\/#organization"},"potentialAction":[{"@type":"SearchAction","target":{"@type":"EntryPoint","urlTemplate":"https:\/\/goodwork.cat\/?s={search_term_string}"},"query-input":{"@type":"PropertyValueSpecification","valueRequired":true,"valueName":"search_term_string"}}],"inLanguage":"es"},{"@type":"Organization","@id":"https:\/\/goodwork.cat\/#organization","name":"GOOD WORK GRUP EQUIPAMENTS, S.L.","url":"https:\/\/goodwork.cat\/","logo":{"@type":"ImageObject","inLanguage":"es","@id":"https:\/\/goodwork.cat\/#\/schema\/logo\/image\/","url":"https:\/\/goodwork.cat\/wp-content\/uploads\/2024\/06\/logo-1.png","contentUrl":"https:\/\/goodwork.cat\/wp-content\/uploads\/2024\/06\/logo-1.png","width":200,"height":111,"caption":"GOOD WORK GRUP EQUIPAMENTS, S.L."},"image":{"@id":"https:\/\/goodwork.cat\/#\/schema\/logo\/image\/"}}]}},"uagb_featured_image_src":{"full":["https:\/\/goodwork.cat\/wp-content\/uploads\/2024\/08\/bota-de-trabajo-de-seguridad-chintex-1025.jpg",458,458,false],"thumbnail":["https:\/\/goodwork.cat\/wp-content\/uploads\/2024\/08\/bota-de-trabajo-de-seguridad-chintex-1025.jpg",96,96,false],"medium":["https:\/\/goodwork.cat\/wp-content\/uploads\/2024\/08\/bota-de-trabajo-de-seguridad-chintex-1025.jpg",458,458,false],"medium_large":["https:\/\/goodwork.cat\/wp-content\/uploads\/2024\/08\/bota-de-trabajo-de-seguridad-chintex-1025.jpg",458,458,false],"large":["https:\/\/goodwork.cat\/wp-content\/uploads\/2024\/08\/bota-de-trabajo-de-seguridad-chintex-1025.jpg",458,458,false],"1536x1536":["https:\/\/goodwork.cat\/wp-content\/uploads\/2024\/08\/bota-de-trabajo-de-seguridad-chintex-1025.jpg",458,458,false],"2048x2048":["https:\/\/goodwork.cat\/wp-content\/uploads\/2024\/08\/bota-de-trabajo-de-seguridad-chintex-1025.jpg",458,458,false],"trp-custom-language-flag":["https:\/\/goodwork.cat\/wp-content\/uploads\/2024\/08\/bota-de-trabajo-de-seguridad-chintex-1025.jpg",12,12,false],"woocommerce_thumbnail":["https:\/\/goodwork.cat\/wp-content\/uploads\/2024\/08\/bota-de-trabajo-de-seguridad-chintex-1025-300x300.jpg",300,300,true],"woocommerce_single":["https:\/\/goodwork.cat\/wp-content\/uploads\/2024\/08\/bota-de-trabajo-de-seguridad-chintex-1025.jpg",458,458,false],"woocommerce_gallery_thumbnail":["https:\/\/goodwork.cat\/wp-content\/uploads\/2024\/08\/bota-de-trabajo-de-seguridad-chintex-1025-100x100.jpg",100,100,true]},"uagb_author_info":{"display_name":"60688d8b1a","author_link":"https:\/\/goodwork.cat\/es\/author\/"},"uagb_comment_info":0,"uagb_excerpt":"Bota de seguretat, exterior de flor de pell negra hidrofugada, lleng\u00fceta de pell encoixinada, coll de pell negra, tanca Triangular, cordons de poliamida d'alta resist\u00e8ncia. Sola antiest\u00e0tica i antilliscant, poliuret\u00e0 de doble densitat, puntera d'acer inoxidable, tal\u00f3 absorbeix impactes i plantilla antiperforaci\u00f3 d'acer.","_links":{"self":[{"href":"https:\/\/goodwork.cat\/es\/wp-json\/wp\/v2\/product\/1945","targetHints":{"allow":["GET"]}}],"collection":[{"href":"https:\/\/goodwork.cat\/es\/wp-json\/wp\/v2\/product"}],"about":[{"href":"https:\/\/goodwork.cat\/es\/wp-json\/wp\/v2\/types\/product"}],"wp:featuredmedia":[{"embeddable":true,"href":"https:\/\/goodwork.cat\/es\/wp-json\/wp\/v2\/media\/2031"}],"wp:attachment":[{"href":"https:\/\/goodwork.cat\/es\/wp-json\/wp\/v2\/media?parent=1945"}],"wp:term":[{"taxonomy":"product_brand","embeddable":true,"href":"https:\/\/goodwork.cat\/es\/wp-json\/wp\/v2\/product_brand?post=1945"},{"taxonomy":"product_cat","embeddable":true,"href":"https:\/\/goodwork.cat\/es\/wp-json\/wp\/v2\/product_cat?post=1945"},{"taxonomy":"product_tag","embeddable":true,"href":"https:\/\/goodwork.cat\/es\/wp-json\/wp\/v2\/product_tag?post=1945"}],"curies":[{"name":"wp","href":"https:\/\/api.w.org\/{rel}","templated":true}]}}