{"id":1947,"date":"2024-08-29T10:05:34","date_gmt":"2024-08-29T08:05:34","guid":{"rendered":"https:\/\/goodwork.cat\/?post_type=product&#038;p=1947"},"modified":"2025-04-30T16:46:50","modified_gmt":"2025-04-30T14:46:50","slug":"ulleres-de-proteccio-baymax-s-400","status":"publish","type":"product","link":"https:\/\/goodwork.cat\/es\/producto\/ulleres-de-proteccio-baymax-s-400\/","title":{"rendered":"Gafas de protecci\u00f3n Baymax S-400"},"content":{"rendered":"<ul>\n<li>\n<p class=\"p1\">Les ulleres i ulleres de seguretat EPP ofereixen protecci\u00f3 ocular premium a diversos entorns de treball.<\/p>\n<\/li>\n<li>\n<p class=\"p1\">Compleix amb la norma EN 166 i amb certificaci\u00f3 CE, compleixen els est\u00e0ndards de seguretat m\u00e9s alts.<\/p>\n<\/li>\n<li>\n<p class=\"p1\">Amb lents transparents per a una visi\u00f3 sense distorsi\u00f3, aquestes ulleres garanteixen lenfocament en les tasques amb confian\u00e7a.<\/p>\n<\/li>\n<li>\n<p class=\"p1\">El marc lleuger i les patilles ajustables proporcionen comoditat durant tot el dia per a diverses activitats. Ja sigui en construcci\u00f3, fusteria, tir o ciclisme, aquestes ulleres vers\u00e0tils satisfan les teves necessitats de protecci\u00f3 ocular.<\/p>\n<\/li>\n<li>\n<p class=\"p1\">Materials resistents als impactes i revestiment a prova d&#8217;esgarrapades que garanteixen durabilitat.<\/p>\n<\/li>\n<li>\n<p class=\"p1\">El disseny elegant combina professionalitat amb versatilitat esportiva.<\/p>\n<\/li>\n<li>\n<p class=\"p1\">La protecci\u00f3 UV protegeix els ulls exteriors, i la tecnologia antibaf garanteix una visi\u00f3 clara en condicions dif\u00edcils. Eleva la seguretat amb les ulleres Baymax PPE, on l&#8217;estil s&#8217;uneix a la protecci\u00f3.<\/p>\n<\/li>\n<\/ul>","protected":false},"excerpt":{"rendered":"<ul>\n<li class=\"p1\">Ulleres de seguretat certificades: les ulleres de seguretat Baymax tenen certificaci\u00f3 CE i compleixen amb EN166, oferint una protecci\u00f3 ocular fiable contra l\u00edquids, pols, deixalles i esquitxades qu\u00edmiques. Les lents transparents i sense tintar proporcionen una visi\u00f3 sense distorsi\u00f3, cosa que et permet concentrar-te en les teves tasques sense comprometre&#8217;n la seguretat.<\/li>\n<li class=\"p1\">Ajust c\u00f2mode: les ulleres protectores Baymax estan fetes per portar tot el dia, amb un marc lleuger, patilles de goma ajustables i lents envoltants. La inclusi\u00f3 de material de silicona suau al pont del nas i les peces de goma laterals del bra\u00e7 garanteixen un ajustament segur, proporcionant la m\u00e0xima comoditat a l&#8217;usuari durant llargs per\u00edodes d&#8217;\u00fas.<\/li>\n<li class=\"p1\">Antibaf: el nostre revestiment resistent a la boira garanteix una visi\u00f3 clara, fins i tot en entorns dif\u00edcils. Proporciona resist\u00e8ncia a la boira i les ratllades, mantenint una visibilitat clara evitant l&#8217;acumulaci\u00f3 de condensaci\u00f3 a les lents, especialment benefici\u00f3s en entorns amb variacions de temperatura.<\/li>\n<li class=\"p1\">\u00das vers\u00e0til: amb lents resistents a les ratllades, transparents i sense tintar, les ulleres Baymax PPE s\u00f3n perfectes per a una varietat d&#8217;activitats com fusteria, construcci\u00f3, odontologia, ciclisme, pintura, esquaix, tir amb arc, ciclisme, batalles d&#8217;armes Nerf, baralles aqu\u00e0tiques i altres situacions en qu\u00e8 la protecci\u00f3 ocular fiable \u00e9s essencial.<\/li>\n<li class=\"p1\">Construcci\u00f3 lleugera, duradora i resistent als impactes: les ulleres Baymax PPE estan fetes de poliamida 6 lleugera, duradora i resistent als impactes per protegir els teus ulls de deixalles voladores, part\u00edcules o projectils. Aquesta estructura no nom\u00e9s millora la durabilitat per a un \u00fas durador, sin\u00f3 que tamb\u00e9 garanteix que les ulleres de seguretat romanguin c\u00f2modes durant llargs per\u00edodes de treball o joc.<\/li>\n<li class=\"p1\">Disseny elegant i elegant: les ulleres protectores d&#8217;ulls Baymax s&#8217;ajusten sense esfor\u00e7 a la cara mentre irradien una est\u00e8tica elegant. El disseny elegant i modern fa que aquestes ulleres de seguretat siguin adequades tant pel treball professional com per diverses activitats esportives.<\/li>\n<\/ul>","protected":false},"featured_media":2036,"template":"","meta":{"_uag_custom_page_level_css":"","site-sidebar-layout":"default","site-content-layout":"","ast-site-content-layout":"default","site-content-style":"default","site-sidebar-style":"default","ast-global-header-display":"","ast-banner-title-visibility":"","ast-main-header-display":"","ast-hfb-above-header-display":"","ast-hfb-below-header-display":"","ast-hfb-mobile-header-display":"","site-post-title":"","ast-breadcrumbs-content":"","ast-featured-img":"","footer-sml-layout":"","ast-disable-related-posts":"","theme-transparent-header-meta":"default","adv-header-id-meta":"","stick-header-meta":"","header-above-stick-meta":"","header-main-stick-meta":"","header-below-stick-meta":"","astra-migrate-meta-layouts":"set","ast-page-background-enabled":"default","ast-page-background-meta":{"desktop":{"background-color":"","background-image":"","background-repeat":"repeat","background-position":"center center","background-size":"auto","background-attachment":"scroll","background-type":"","background-media":"","overlay-type":"","overlay-color":"","overlay-opacity":"","overlay-gradient":""},"tablet":{"background-color":"","background-image":"","background-repeat":"repeat","background-position":"center center","background-size":"auto","background-attachment":"scroll","background-type":"","background-media":"","overlay-type":"","overlay-color":"","overlay-opacity":"","overlay-gradient":""},"mobile":{"background-color":"","background-image":"","background-repeat":"repeat","background-position":"center center","background-size":"auto","background-attachment":"scroll","background-type":"","background-media":"","overlay-type":"","overlay-color":"","overlay-opacity":"","overlay-gradient":""}},"ast-content-background-meta":{"desktop":{"background-color":"var(--ast-global-color-5)","background-image":"","background-repeat":"repeat","background-position":"center center","background-size":"auto","background-attachment":"scroll","background-type":"","background-media":"","overlay-type":"","overlay-color":"","overlay-opacity":"","overlay-gradient":""},"tablet":{"background-color":"var(--ast-global-color-5)","background-image":"","background-repeat":"repeat","background-position":"center center","background-size":"auto","background-attachment":"scroll","background-type":"","background-media":"","overlay-type":"","overlay-color":"","overlay-opacity":"","overlay-gradient":""},"mobile":{"background-color":"var(--ast-global-color-5)","background-image":"","background-repeat":"repeat","background-position":"center center","background-size":"auto","background-attachment":"scroll","background-type":"","background-media":"","overlay-type":"","overlay-color":"","overlay-opacity":"","overlay-gradient":""}}},"product_brand":[],"product_cat":[28],"product_tag":[],"class_list":{"0":"post-1947","1":"product","2":"type-product","3":"status-publish","4":"has-post-thumbnail","6":"product_cat-sense-categoria","7":"desktop-align-left","8":"tablet-align-left","9":"mobile-align-left","11":"first","12":"instock","13":"shipping-taxable","14":"purchasable","15":"product-type-simple"},"yoast_head":"<!-- This site is optimized with the Yoast SEO plugin v27.6 - https:\/\/yoast.com\/product\/yoast-seo-wordpress\/ -->\n<title>Ulleres de protecci\u00f3 Baymax S-400 - GOOD WORK GRUP EQUIPAMENTS, S.L.<\/title>\n<meta name=\"description\" content=\"Ulleres de seguretat certificades que ofereixen una protecci\u00f3 contra l\u00edquids, pols, deixalles i esquitxades qu\u00edmiques. C\u00f2modes, vers\u00e0tils i antibaf.\" \/>\n<meta name=\"robots\" content=\"index, follow, max-snippet:-1, max-image-preview:large, max-video-preview:-1\" \/>\n<link rel=\"canonical\" href=\"https:\/\/goodwork.cat\/es\/producto\/ulleres-de-proteccio-baymax-s-400\/\" \/>\n<meta property=\"og:locale\" content=\"es_ES\" \/>\n<meta property=\"og:type\" content=\"article\" \/>\n<meta property=\"og:title\" content=\"Ulleres de protecci\u00f3 Baymax S-400 - GOOD WORK GRUP EQUIPAMENTS, S.L.\" \/>\n<meta property=\"og:description\" content=\"Ulleres de seguretat certificades que ofereixen una protecci\u00f3 contra l\u00edquids, pols, deixalles i esquitxades qu\u00edmiques. C\u00f2modes, vers\u00e0tils i antibaf.\" \/>\n<meta property=\"og:url\" content=\"https:\/\/goodwork.cat\/es\/producto\/ulleres-de-proteccio-baymax-s-400\/\" \/>\n<meta property=\"og:site_name\" content=\"GOOD WORK GRUP EQUIPAMENTS, S.L.\" \/>\n<meta property=\"article:modified_time\" content=\"2025-04-30T14:46:50+00:00\" \/>\n<meta property=\"og:image\" content=\"https:\/\/goodwork.cat\/wp-content\/uploads\/2024\/08\/baymax-s-400-hunter-koruyucu-gozluk-seffaf-22099.webp\" \/>\n\t<meta property=\"og:image:width\" content=\"1280\" \/>\n\t<meta property=\"og:image:height\" content=\"1024\" \/>\n\t<meta property=\"og:image:type\" content=\"image\/webp\" \/>\n<meta name=\"twitter:card\" content=\"summary_large_image\" \/>\n<meta name=\"twitter:label1\" content=\"Tiempo de lectura\" \/>\n\t<meta name=\"twitter:data1\" content=\"1 minuto\" \/>\n<script type=\"application\/ld+json\" class=\"yoast-schema-graph\">{\"@context\":\"https:\\\/\\\/schema.org\",\"@graph\":[{\"@type\":\"WebPage\",\"@id\":\"https:\\\/\\\/goodwork.cat\\\/producte\\\/ulleres-de-proteccio-baymax-s-400\\\/\",\"url\":\"https:\\\/\\\/goodwork.cat\\\/producte\\\/ulleres-de-proteccio-baymax-s-400\\\/\",\"name\":\"Ulleres de protecci\u00f3 Baymax S-400 - GOOD WORK GRUP EQUIPAMENTS, S.L.\",\"isPartOf\":{\"@id\":\"https:\\\/\\\/goodwork.cat\\\/#website\"},\"primaryImageOfPage\":{\"@id\":\"https:\\\/\\\/goodwork.cat\\\/producte\\\/ulleres-de-proteccio-baymax-s-400\\\/#primaryimage\"},\"image\":{\"@id\":\"https:\\\/\\\/goodwork.cat\\\/producte\\\/ulleres-de-proteccio-baymax-s-400\\\/#primaryimage\"},\"thumbnailUrl\":\"https:\\\/\\\/goodwork.cat\\\/wp-content\\\/uploads\\\/2024\\\/08\\\/baymax-s-400-hunter-koruyucu-gozluk-seffaf-22099.webp\",\"datePublished\":\"2024-08-29T08:05:34+00:00\",\"dateModified\":\"2025-04-30T14:46:50+00:00\",\"description\":\"Ulleres de seguretat certificades que ofereixen una protecci\u00f3 contra l\u00edquids, pols, deixalles i esquitxades qu\u00edmiques. C\u00f2modes, vers\u00e0tils i antibaf.\",\"breadcrumb\":{\"@id\":\"https:\\\/\\\/goodwork.cat\\\/producte\\\/ulleres-de-proteccio-baymax-s-400\\\/#breadcrumb\"},\"inLanguage\":\"es\",\"potentialAction\":[{\"@type\":\"ReadAction\",\"target\":[\"https:\\\/\\\/goodwork.cat\\\/producte\\\/ulleres-de-proteccio-baymax-s-400\\\/\"]}]},{\"@type\":\"ImageObject\",\"inLanguage\":\"es\",\"@id\":\"https:\\\/\\\/goodwork.cat\\\/producte\\\/ulleres-de-proteccio-baymax-s-400\\\/#primaryimage\",\"url\":\"https:\\\/\\\/goodwork.cat\\\/wp-content\\\/uploads\\\/2024\\\/08\\\/baymax-s-400-hunter-koruyucu-gozluk-seffaf-22099.webp\",\"contentUrl\":\"https:\\\/\\\/goodwork.cat\\\/wp-content\\\/uploads\\\/2024\\\/08\\\/baymax-s-400-hunter-koruyucu-gozluk-seffaf-22099.webp\",\"width\":1280,\"height\":1024},{\"@type\":\"BreadcrumbList\",\"@id\":\"https:\\\/\\\/goodwork.cat\\\/producte\\\/ulleres-de-proteccio-baymax-s-400\\\/#breadcrumb\",\"itemListElement\":[{\"@type\":\"ListItem\",\"position\":1,\"name\":\"Inici\",\"item\":\"https:\\\/\\\/goodwork.cat\\\/\"},{\"@type\":\"ListItem\",\"position\":2,\"name\":\"Botiga\",\"item\":\"https:\\\/\\\/goodwork.cat\\\/botiga\\\/\"},{\"@type\":\"ListItem\",\"position\":3,\"name\":\"Ulleres de protecci\u00f3 Baymax S-400\"}]},{\"@type\":\"WebSite\",\"@id\":\"https:\\\/\\\/goodwork.cat\\\/#website\",\"url\":\"https:\\\/\\\/goodwork.cat\\\/\",\"name\":\"GOOD WORK EQUIPAMENT LABORAL\",\"description\":\"Vestuari laboral, cal\u00e7at de seguretat, equips de protecci\u00f3 individual (EPIs), senyalitzaci\u00f3 vial i industrial, mobiliari urb\u00e0 i contenidors\",\"publisher\":{\"@id\":\"https:\\\/\\\/goodwork.cat\\\/#organization\"},\"potentialAction\":[{\"@type\":\"SearchAction\",\"target\":{\"@type\":\"EntryPoint\",\"urlTemplate\":\"https:\\\/\\\/goodwork.cat\\\/?s={search_term_string}\"},\"query-input\":{\"@type\":\"PropertyValueSpecification\",\"valueRequired\":true,\"valueName\":\"search_term_string\"}}],\"inLanguage\":\"es\"},{\"@type\":\"Organization\",\"@id\":\"https:\\\/\\\/goodwork.cat\\\/#organization\",\"name\":\"GOOD WORK GRUP EQUIPAMENTS, S.L.\",\"url\":\"https:\\\/\\\/goodwork.cat\\\/\",\"logo\":{\"@type\":\"ImageObject\",\"inLanguage\":\"es\",\"@id\":\"https:\\\/\\\/goodwork.cat\\\/#\\\/schema\\\/logo\\\/image\\\/\",\"url\":\"https:\\\/\\\/goodwork.cat\\\/wp-content\\\/uploads\\\/2024\\\/06\\\/logo-1.png\",\"contentUrl\":\"https:\\\/\\\/goodwork.cat\\\/wp-content\\\/uploads\\\/2024\\\/06\\\/logo-1.png\",\"width\":200,\"height\":111,\"caption\":\"GOOD WORK GRUP EQUIPAMENTS, S.L.\"},\"image\":{\"@id\":\"https:\\\/\\\/goodwork.cat\\\/#\\\/schema\\\/logo\\\/image\\\/\"}}]}<\/script>\n<!-- \/ Yoast SEO plugin. -->","yoast_head_json":{"title":"Ulleres de protecci\u00f3 Baymax S-400 - GOOD WORK GRUP EQUIPAMENTS, S.L.","description":"Ulleres de seguretat certificades que ofereixen una protecci\u00f3 contra l\u00edquids, pols, deixalles i esquitxades qu\u00edmiques. C\u00f2modes, vers\u00e0tils i antibaf.","robots":{"index":"index","follow":"follow","max-snippet":"max-snippet:-1","max-image-preview":"max-image-preview:large","max-video-preview":"max-video-preview:-1"},"canonical":"https:\/\/goodwork.cat\/es\/producto\/ulleres-de-proteccio-baymax-s-400\/","og_locale":"es_ES","og_type":"article","og_title":"Ulleres de protecci\u00f3 Baymax S-400 - GOOD WORK GRUP EQUIPAMENTS, S.L.","og_description":"Ulleres de seguretat certificades que ofereixen una protecci\u00f3 contra l\u00edquids, pols, deixalles i esquitxades qu\u00edmiques. C\u00f2modes, vers\u00e0tils i antibaf.","og_url":"https:\/\/goodwork.cat\/es\/producto\/ulleres-de-proteccio-baymax-s-400\/","og_site_name":"GOOD WORK GRUP EQUIPAMENTS, S.L.","article_modified_time":"2025-04-30T14:46:50+00:00","og_image":[{"width":1280,"height":1024,"url":"https:\/\/goodwork.cat\/wp-content\/uploads\/2024\/08\/baymax-s-400-hunter-koruyucu-gozluk-seffaf-22099.webp","type":"image\/webp"}],"twitter_card":"summary_large_image","twitter_misc":{"Tiempo de lectura":"1 minuto"},"schema":{"@context":"https:\/\/schema.org","@graph":[{"@type":"WebPage","@id":"https:\/\/goodwork.cat\/producte\/ulleres-de-proteccio-baymax-s-400\/","url":"https:\/\/goodwork.cat\/producte\/ulleres-de-proteccio-baymax-s-400\/","name":"Ulleres de protecci\u00f3 Baymax S-400 - GOOD WORK GRUP EQUIPAMENTS, S.L.","isPartOf":{"@id":"https:\/\/goodwork.cat\/#website"},"primaryImageOfPage":{"@id":"https:\/\/goodwork.cat\/producte\/ulleres-de-proteccio-baymax-s-400\/#primaryimage"},"image":{"@id":"https:\/\/goodwork.cat\/producte\/ulleres-de-proteccio-baymax-s-400\/#primaryimage"},"thumbnailUrl":"https:\/\/goodwork.cat\/wp-content\/uploads\/2024\/08\/baymax-s-400-hunter-koruyucu-gozluk-seffaf-22099.webp","datePublished":"2024-08-29T08:05:34+00:00","dateModified":"2025-04-30T14:46:50+00:00","description":"Ulleres de seguretat certificades que ofereixen una protecci\u00f3 contra l\u00edquids, pols, deixalles i esquitxades qu\u00edmiques. C\u00f2modes, vers\u00e0tils i antibaf.","breadcrumb":{"@id":"https:\/\/goodwork.cat\/producte\/ulleres-de-proteccio-baymax-s-400\/#breadcrumb"},"inLanguage":"es","potentialAction":[{"@type":"ReadAction","target":["https:\/\/goodwork.cat\/producte\/ulleres-de-proteccio-baymax-s-400\/"]}]},{"@type":"ImageObject","inLanguage":"es","@id":"https:\/\/goodwork.cat\/producte\/ulleres-de-proteccio-baymax-s-400\/#primaryimage","url":"https:\/\/goodwork.cat\/wp-content\/uploads\/2024\/08\/baymax-s-400-hunter-koruyucu-gozluk-seffaf-22099.webp","contentUrl":"https:\/\/goodwork.cat\/wp-content\/uploads\/2024\/08\/baymax-s-400-hunter-koruyucu-gozluk-seffaf-22099.webp","width":1280,"height":1024},{"@type":"BreadcrumbList","@id":"https:\/\/goodwork.cat\/producte\/ulleres-de-proteccio-baymax-s-400\/#breadcrumb","itemListElement":[{"@type":"ListItem","position":1,"name":"Inici","item":"https:\/\/goodwork.cat\/"},{"@type":"ListItem","position":2,"name":"Botiga","item":"https:\/\/goodwork.cat\/botiga\/"},{"@type":"ListItem","position":3,"name":"Ulleres de protecci\u00f3 Baymax S-400"}]},{"@type":"WebSite","@id":"https:\/\/goodwork.cat\/#website","url":"https:\/\/goodwork.cat\/","name":"GOOD WORK EQUIPAMENT LABORAL","description":"Vestuari laboral, cal\u00e7at de seguretat, equips de protecci\u00f3 individual (EPIs), senyalitzaci\u00f3 vial i industrial, mobiliari urb\u00e0 i contenidors","publisher":{"@id":"https:\/\/goodwork.cat\/#organization"},"potentialAction":[{"@type":"SearchAction","target":{"@type":"EntryPoint","urlTemplate":"https:\/\/goodwork.cat\/?s={search_term_string}"},"query-input":{"@type":"PropertyValueSpecification","valueRequired":true,"valueName":"search_term_string"}}],"inLanguage":"es"},{"@type":"Organization","@id":"https:\/\/goodwork.cat\/#organization","name":"GOOD WORK GRUP EQUIPAMENTS, S.L.","url":"https:\/\/goodwork.cat\/","logo":{"@type":"ImageObject","inLanguage":"es","@id":"https:\/\/goodwork.cat\/#\/schema\/logo\/image\/","url":"https:\/\/goodwork.cat\/wp-content\/uploads\/2024\/06\/logo-1.png","contentUrl":"https:\/\/goodwork.cat\/wp-content\/uploads\/2024\/06\/logo-1.png","width":200,"height":111,"caption":"GOOD WORK GRUP EQUIPAMENTS, S.L."},"image":{"@id":"https:\/\/goodwork.cat\/#\/schema\/logo\/image\/"}}]}},"uagb_featured_image_src":{"full":["https:\/\/goodwork.cat\/wp-content\/uploads\/2024\/08\/baymax-s-400-hunter-koruyucu-gozluk-seffaf-22099.webp",1280,1024,false],"thumbnail":["https:\/\/goodwork.cat\/wp-content\/uploads\/2024\/08\/baymax-s-400-hunter-koruyucu-gozluk-seffaf-22099.webp",120,96,false],"medium":["https:\/\/goodwork.cat\/wp-content\/uploads\/2024\/08\/baymax-s-400-hunter-koruyucu-gozluk-seffaf-22099.webp",1280,1024,false],"medium_large":["https:\/\/goodwork.cat\/wp-content\/uploads\/2024\/08\/baymax-s-400-hunter-koruyucu-gozluk-seffaf-22099-768x614.webp",768,614,true],"large":["https:\/\/goodwork.cat\/wp-content\/uploads\/2024\/08\/baymax-s-400-hunter-koruyucu-gozluk-seffaf-22099-1024x819.webp",1024,819,true],"1536x1536":["https:\/\/goodwork.cat\/wp-content\/uploads\/2024\/08\/baymax-s-400-hunter-koruyucu-gozluk-seffaf-22099.webp",1280,1024,false],"2048x2048":["https:\/\/goodwork.cat\/wp-content\/uploads\/2024\/08\/baymax-s-400-hunter-koruyucu-gozluk-seffaf-22099.webp",1280,1024,false],"trp-custom-language-flag":["https:\/\/goodwork.cat\/wp-content\/uploads\/2024\/08\/baymax-s-400-hunter-koruyucu-gozluk-seffaf-22099.webp",15,12,false],"woocommerce_thumbnail":["https:\/\/goodwork.cat\/wp-content\/uploads\/2024\/08\/baymax-s-400-hunter-koruyucu-gozluk-seffaf-22099-300x300.webp",300,300,true],"woocommerce_single":["https:\/\/goodwork.cat\/wp-content\/uploads\/2024\/08\/baymax-s-400-hunter-koruyucu-gozluk-seffaf-22099-600x480.webp",600,480,true],"woocommerce_gallery_thumbnail":["https:\/\/goodwork.cat\/wp-content\/uploads\/2024\/08\/baymax-s-400-hunter-koruyucu-gozluk-seffaf-22099-100x100.webp",100,100,true]},"uagb_author_info":{"display_name":"60688d8b1a","author_link":"https:\/\/goodwork.cat\/es\/author\/"},"uagb_comment_info":0,"uagb_excerpt":"Ulleres de seguretat certificades: les ulleres de seguretat Baymax tenen certificaci\u00f3 CE i compleixen amb EN166, oferint una protecci\u00f3 ocular fiable contra l\u00edquids, pols, deixalles i esquitxades qu\u00edmiques. Les lents transparents i sense tintar proporcionen una visi\u00f3 sense distorsi\u00f3, cosa que et permet concentrar-te en les teves tasques sense comprometre'n la seguretat. Ajust c\u00f2mode: les&hellip;","_links":{"self":[{"href":"https:\/\/goodwork.cat\/es\/wp-json\/wp\/v2\/product\/1947","targetHints":{"allow":["GET"]}}],"collection":[{"href":"https:\/\/goodwork.cat\/es\/wp-json\/wp\/v2\/product"}],"about":[{"href":"https:\/\/goodwork.cat\/es\/wp-json\/wp\/v2\/types\/product"}],"wp:featuredmedia":[{"embeddable":true,"href":"https:\/\/goodwork.cat\/es\/wp-json\/wp\/v2\/media\/2036"}],"wp:attachment":[{"href":"https:\/\/goodwork.cat\/es\/wp-json\/wp\/v2\/media?parent=1947"}],"wp:term":[{"taxonomy":"product_brand","embeddable":true,"href":"https:\/\/goodwork.cat\/es\/wp-json\/wp\/v2\/product_brand?post=1947"},{"taxonomy":"product_cat","embeddable":true,"href":"https:\/\/goodwork.cat\/es\/wp-json\/wp\/v2\/product_cat?post=1947"},{"taxonomy":"product_tag","embeddable":true,"href":"https:\/\/goodwork.cat\/es\/wp-json\/wp\/v2\/product_tag?post=1947"}],"curies":[{"name":"wp","href":"https:\/\/api.w.org\/{rel}","templated":true}]}}