{"id":1948,"date":"2024-08-29T10:10:02","date_gmt":"2024-08-29T08:10:02","guid":{"rendered":"https:\/\/goodwork.cat\/?post_type=product&#038;p=1948"},"modified":"2025-04-30T16:46:49","modified_gmt":"2025-04-30T14:46:49","slug":"guant-de-nilo-i-nitril-mecanic-700rmf-touch","status":"publish","type":"product","link":"https:\/\/goodwork.cat\/es\/producto\/guant-de-nilo-i-nitril-mecanic-700rmf-touch\/","title":{"rendered":"Guante de nylon y nitrilo mec\u00e1nico 700RMF TOUCH"},"content":{"rendered":"<ul>\n<li class=\"p1\">Nil\u00f3 i elast\u00e0.<\/li>\n<li class=\"p1\">Tots dos materials combinats proporcionen al guant ergonomia i confort.<\/li>\n<li class=\"p1\">Redueix l&#8217;esfor\u00e7 muscular de l&#8217;usuari minimitzant la fatiga de la m\u00e0 i incrementant la productivitat de l&#8217;operari.<\/li>\n<li class=\"p1\">Recobriment nitril Sandy grip.<\/li>\n<li class=\"p1\">Aporta gran resist\u00e8ncia mec\u00e0nica, comoditat i destresa sense sacrificar la durabilitat del guant.<\/li>\n<li class=\"p1\">Proporciona una gran subjecci\u00f3 en situaci\u00f3 humida o seca.<\/li>\n<li class=\"p1\">Ajust el\u00e0stic al canell.<\/li>\n<li class=\"p1\">Ofereix a l&#8217;EPI un ajustament adequat al canell evitant que es mogui de la m\u00e0.<\/li>\n<li>Para m\u00e1s informaci\u00f3n, consulta la <a href=\"https:\/\/tbgroupsafety.com\/es\/flat101_catalog\/pdf?attr=ftecnica&amp;pdf=700RMF_TOUCH_INFO.PDF\" target=\"_blank\" rel=\"noopener\">fitxa t\u00e8cnica del producte<\/a>.<\/li>\n<\/ul>","protected":false},"excerpt":{"rendered":"<ul>\n<li>\n<p class=\"p1\">Guant suport nil\u00f3 i elast\u00e0 vermell sense costures.<\/p>\n<\/li>\n<li>\n<p class=\"p1\">Recobriment nitril Sandy grip negre al palmell.<\/p>\n<\/li>\n<li>\n<p class=\"p1\">Puny el\u00e0stic.<\/p>\n<\/li>\n<li>\n<p class=\"p1\">Galga 15.<\/p>\n<\/li>\n<\/ul>","protected":false},"featured_media":2037,"template":"","meta":{"_uag_custom_page_level_css":"","site-sidebar-layout":"default","site-content-layout":"","ast-site-content-layout":"default","site-content-style":"default","site-sidebar-style":"default","ast-global-header-display":"","ast-banner-title-visibility":"","ast-main-header-display":"","ast-hfb-above-header-display":"","ast-hfb-below-header-display":"","ast-hfb-mobile-header-display":"","site-post-title":"","ast-breadcrumbs-content":"","ast-featured-img":"","footer-sml-layout":"","ast-disable-related-posts":"","theme-transparent-header-meta":"default","adv-header-id-meta":"","stick-header-meta":"","header-above-stick-meta":"","header-main-stick-meta":"","header-below-stick-meta":"","astra-migrate-meta-layouts":"set","ast-page-background-enabled":"default","ast-page-background-meta":{"desktop":{"background-color":"","background-image":"","background-repeat":"repeat","background-position":"center center","background-size":"auto","background-attachment":"scroll","background-type":"","background-media":"","overlay-type":"","overlay-color":"","overlay-opacity":"","overlay-gradient":""},"tablet":{"background-color":"","background-image":"","background-repeat":"repeat","background-position":"center center","background-size":"auto","background-attachment":"scroll","background-type":"","background-media":"","overlay-type":"","overlay-color":"","overlay-opacity":"","overlay-gradient":""},"mobile":{"background-color":"","background-image":"","background-repeat":"repeat","background-position":"center center","background-size":"auto","background-attachment":"scroll","background-type":"","background-media":"","overlay-type":"","overlay-color":"","overlay-opacity":"","overlay-gradient":""}},"ast-content-background-meta":{"desktop":{"background-color":"var(--ast-global-color-5)","background-image":"","background-repeat":"repeat","background-position":"center center","background-size":"auto","background-attachment":"scroll","background-type":"","background-media":"","overlay-type":"","overlay-color":"","overlay-opacity":"","overlay-gradient":""},"tablet":{"background-color":"var(--ast-global-color-5)","background-image":"","background-repeat":"repeat","background-position":"center center","background-size":"auto","background-attachment":"scroll","background-type":"","background-media":"","overlay-type":"","overlay-color":"","overlay-opacity":"","overlay-gradient":""},"mobile":{"background-color":"var(--ast-global-color-5)","background-image":"","background-repeat":"repeat","background-position":"center center","background-size":"auto","background-attachment":"scroll","background-type":"","background-media":"","overlay-type":"","overlay-color":"","overlay-opacity":"","overlay-gradient":""}}},"product_brand":[],"product_cat":[28],"product_tag":[],"class_list":{"0":"post-1948","1":"product","2":"type-product","3":"status-publish","4":"has-post-thumbnail","6":"product_cat-sense-categoria","7":"desktop-align-left","8":"tablet-align-left","9":"mobile-align-left","11":"first","12":"instock","13":"shipping-taxable","14":"purchasable","15":"product-type-simple"},"yoast_head":"<!-- This site is optimized with the Yoast SEO plugin v27.6 - https:\/\/yoast.com\/product\/yoast-seo-wordpress\/ -->\n<title>Guant de nil\u00f3 i nitril mec\u00e0nic 700RMF TOUCH - GOOD WORK GRUP EQUIPAMENTS, S.L.<\/title>\n<meta name=\"description\" content=\"Guant de nil\u00f3 i elast\u00e0 vermell sense costures. Gran resist\u00e8ncia mec\u00e0nica i comoditat. Minimitza la fatiga de la m\u00e0 i incrementa la productivitat.\" \/>\n<meta name=\"robots\" content=\"index, follow, max-snippet:-1, max-image-preview:large, max-video-preview:-1\" \/>\n<link rel=\"canonical\" href=\"https:\/\/goodwork.cat\/es\/producto\/guant-de-nilo-i-nitril-mecanic-700rmf-touch\/\" \/>\n<meta property=\"og:locale\" content=\"es_ES\" \/>\n<meta property=\"og:type\" content=\"article\" \/>\n<meta property=\"og:title\" content=\"Guant de nil\u00f3 i nitril mec\u00e0nic 700RMF TOUCH - GOOD WORK GRUP EQUIPAMENTS, S.L.\" \/>\n<meta property=\"og:description\" content=\"Guant de nil\u00f3 i elast\u00e0 vermell sense costures. Gran resist\u00e8ncia mec\u00e0nica i comoditat. Minimitza la fatiga de la m\u00e0 i incrementa la productivitat.\" \/>\n<meta property=\"og:url\" content=\"https:\/\/goodwork.cat\/es\/producto\/guant-de-nilo-i-nitril-mecanic-700rmf-touch\/\" \/>\n<meta property=\"og:site_name\" content=\"GOOD WORK GRUP EQUIPAMENTS, S.L.\" \/>\n<meta property=\"article:modified_time\" content=\"2025-04-30T14:46:49+00:00\" \/>\n<meta property=\"og:image\" content=\"https:\/\/goodwork.cat\/wp-content\/uploads\/2024\/08\/GUANTE-700RMF_TOUCH.webp\" \/>\n\t<meta property=\"og:image:width\" content=\"604\" \/>\n\t<meta property=\"og:image:height\" content=\"422\" \/>\n\t<meta property=\"og:image:type\" content=\"image\/webp\" \/>\n<meta name=\"twitter:card\" content=\"summary_large_image\" \/>\n<meta name=\"twitter:label1\" content=\"Tiempo de lectura\" \/>\n\t<meta name=\"twitter:data1\" content=\"1 minuto\" \/>\n<script type=\"application\/ld+json\" class=\"yoast-schema-graph\">{\"@context\":\"https:\\\/\\\/schema.org\",\"@graph\":[{\"@type\":\"WebPage\",\"@id\":\"https:\\\/\\\/goodwork.cat\\\/producte\\\/guant-de-nilo-i-nitril-mecanic-700rmf-touch\\\/\",\"url\":\"https:\\\/\\\/goodwork.cat\\\/producte\\\/guant-de-nilo-i-nitril-mecanic-700rmf-touch\\\/\",\"name\":\"Guant de nil\u00f3 i nitril mec\u00e0nic 700RMF TOUCH - GOOD WORK GRUP EQUIPAMENTS, S.L.\",\"isPartOf\":{\"@id\":\"https:\\\/\\\/goodwork.cat\\\/#website\"},\"primaryImageOfPage\":{\"@id\":\"https:\\\/\\\/goodwork.cat\\\/producte\\\/guant-de-nilo-i-nitril-mecanic-700rmf-touch\\\/#primaryimage\"},\"image\":{\"@id\":\"https:\\\/\\\/goodwork.cat\\\/producte\\\/guant-de-nilo-i-nitril-mecanic-700rmf-touch\\\/#primaryimage\"},\"thumbnailUrl\":\"https:\\\/\\\/goodwork.cat\\\/wp-content\\\/uploads\\\/2024\\\/08\\\/GUANTE-700RMF_TOUCH.webp\",\"datePublished\":\"2024-08-29T08:10:02+00:00\",\"dateModified\":\"2025-04-30T14:46:49+00:00\",\"description\":\"Guant de nil\u00f3 i elast\u00e0 vermell sense costures. Gran resist\u00e8ncia mec\u00e0nica i comoditat. Minimitza la fatiga de la m\u00e0 i incrementa la productivitat.\",\"breadcrumb\":{\"@id\":\"https:\\\/\\\/goodwork.cat\\\/producte\\\/guant-de-nilo-i-nitril-mecanic-700rmf-touch\\\/#breadcrumb\"},\"inLanguage\":\"es\",\"potentialAction\":[{\"@type\":\"ReadAction\",\"target\":[\"https:\\\/\\\/goodwork.cat\\\/producte\\\/guant-de-nilo-i-nitril-mecanic-700rmf-touch\\\/\"]}]},{\"@type\":\"ImageObject\",\"inLanguage\":\"es\",\"@id\":\"https:\\\/\\\/goodwork.cat\\\/producte\\\/guant-de-nilo-i-nitril-mecanic-700rmf-touch\\\/#primaryimage\",\"url\":\"https:\\\/\\\/goodwork.cat\\\/wp-content\\\/uploads\\\/2024\\\/08\\\/GUANTE-700RMF_TOUCH.webp\",\"contentUrl\":\"https:\\\/\\\/goodwork.cat\\\/wp-content\\\/uploads\\\/2024\\\/08\\\/GUANTE-700RMF_TOUCH.webp\",\"width\":604,\"height\":422},{\"@type\":\"BreadcrumbList\",\"@id\":\"https:\\\/\\\/goodwork.cat\\\/producte\\\/guant-de-nilo-i-nitril-mecanic-700rmf-touch\\\/#breadcrumb\",\"itemListElement\":[{\"@type\":\"ListItem\",\"position\":1,\"name\":\"Inici\",\"item\":\"https:\\\/\\\/goodwork.cat\\\/\"},{\"@type\":\"ListItem\",\"position\":2,\"name\":\"Botiga\",\"item\":\"https:\\\/\\\/goodwork.cat\\\/botiga\\\/\"},{\"@type\":\"ListItem\",\"position\":3,\"name\":\"Guant de nil\u00f3 i nitril mec\u00e0nic 700RMF TOUCH\"}]},{\"@type\":\"WebSite\",\"@id\":\"https:\\\/\\\/goodwork.cat\\\/#website\",\"url\":\"https:\\\/\\\/goodwork.cat\\\/\",\"name\":\"GOOD WORK EQUIPAMENT LABORAL\",\"description\":\"Vestuari laboral, cal\u00e7at de seguretat, equips de protecci\u00f3 individual (EPIs), senyalitzaci\u00f3 vial i industrial, mobiliari urb\u00e0 i contenidors\",\"publisher\":{\"@id\":\"https:\\\/\\\/goodwork.cat\\\/#organization\"},\"potentialAction\":[{\"@type\":\"SearchAction\",\"target\":{\"@type\":\"EntryPoint\",\"urlTemplate\":\"https:\\\/\\\/goodwork.cat\\\/?s={search_term_string}\"},\"query-input\":{\"@type\":\"PropertyValueSpecification\",\"valueRequired\":true,\"valueName\":\"search_term_string\"}}],\"inLanguage\":\"es\"},{\"@type\":\"Organization\",\"@id\":\"https:\\\/\\\/goodwork.cat\\\/#organization\",\"name\":\"GOOD WORK GRUP EQUIPAMENTS, S.L.\",\"url\":\"https:\\\/\\\/goodwork.cat\\\/\",\"logo\":{\"@type\":\"ImageObject\",\"inLanguage\":\"es\",\"@id\":\"https:\\\/\\\/goodwork.cat\\\/#\\\/schema\\\/logo\\\/image\\\/\",\"url\":\"https:\\\/\\\/goodwork.cat\\\/wp-content\\\/uploads\\\/2024\\\/06\\\/logo-1.png\",\"contentUrl\":\"https:\\\/\\\/goodwork.cat\\\/wp-content\\\/uploads\\\/2024\\\/06\\\/logo-1.png\",\"width\":200,\"height\":111,\"caption\":\"GOOD WORK GRUP EQUIPAMENTS, S.L.\"},\"image\":{\"@id\":\"https:\\\/\\\/goodwork.cat\\\/#\\\/schema\\\/logo\\\/image\\\/\"}}]}<\/script>\n<!-- \/ Yoast SEO plugin. -->","yoast_head_json":{"title":"Guant de nil\u00f3 i nitril mec\u00e0nic 700RMF TOUCH - GOOD WORK GRUP EQUIPAMENTS, S.L.","description":"Guant de nil\u00f3 i elast\u00e0 vermell sense costures. Gran resist\u00e8ncia mec\u00e0nica i comoditat. Minimitza la fatiga de la m\u00e0 i incrementa la productivitat.","robots":{"index":"index","follow":"follow","max-snippet":"max-snippet:-1","max-image-preview":"max-image-preview:large","max-video-preview":"max-video-preview:-1"},"canonical":"https:\/\/goodwork.cat\/es\/producto\/guant-de-nilo-i-nitril-mecanic-700rmf-touch\/","og_locale":"es_ES","og_type":"article","og_title":"Guant de nil\u00f3 i nitril mec\u00e0nic 700RMF TOUCH - GOOD WORK GRUP EQUIPAMENTS, S.L.","og_description":"Guant de nil\u00f3 i elast\u00e0 vermell sense costures. Gran resist\u00e8ncia mec\u00e0nica i comoditat. Minimitza la fatiga de la m\u00e0 i incrementa la productivitat.","og_url":"https:\/\/goodwork.cat\/es\/producto\/guant-de-nilo-i-nitril-mecanic-700rmf-touch\/","og_site_name":"GOOD WORK GRUP EQUIPAMENTS, S.L.","article_modified_time":"2025-04-30T14:46:49+00:00","og_image":[{"width":604,"height":422,"url":"https:\/\/goodwork.cat\/wp-content\/uploads\/2024\/08\/GUANTE-700RMF_TOUCH.webp","type":"image\/webp"}],"twitter_card":"summary_large_image","twitter_misc":{"Tiempo de lectura":"1 minuto"},"schema":{"@context":"https:\/\/schema.org","@graph":[{"@type":"WebPage","@id":"https:\/\/goodwork.cat\/producte\/guant-de-nilo-i-nitril-mecanic-700rmf-touch\/","url":"https:\/\/goodwork.cat\/producte\/guant-de-nilo-i-nitril-mecanic-700rmf-touch\/","name":"Guant de nil\u00f3 i nitril mec\u00e0nic 700RMF TOUCH - GOOD WORK GRUP EQUIPAMENTS, S.L.","isPartOf":{"@id":"https:\/\/goodwork.cat\/#website"},"primaryImageOfPage":{"@id":"https:\/\/goodwork.cat\/producte\/guant-de-nilo-i-nitril-mecanic-700rmf-touch\/#primaryimage"},"image":{"@id":"https:\/\/goodwork.cat\/producte\/guant-de-nilo-i-nitril-mecanic-700rmf-touch\/#primaryimage"},"thumbnailUrl":"https:\/\/goodwork.cat\/wp-content\/uploads\/2024\/08\/GUANTE-700RMF_TOUCH.webp","datePublished":"2024-08-29T08:10:02+00:00","dateModified":"2025-04-30T14:46:49+00:00","description":"Guant de nil\u00f3 i elast\u00e0 vermell sense costures. Gran resist\u00e8ncia mec\u00e0nica i comoditat. Minimitza la fatiga de la m\u00e0 i incrementa la productivitat.","breadcrumb":{"@id":"https:\/\/goodwork.cat\/producte\/guant-de-nilo-i-nitril-mecanic-700rmf-touch\/#breadcrumb"},"inLanguage":"es","potentialAction":[{"@type":"ReadAction","target":["https:\/\/goodwork.cat\/producte\/guant-de-nilo-i-nitril-mecanic-700rmf-touch\/"]}]},{"@type":"ImageObject","inLanguage":"es","@id":"https:\/\/goodwork.cat\/producte\/guant-de-nilo-i-nitril-mecanic-700rmf-touch\/#primaryimage","url":"https:\/\/goodwork.cat\/wp-content\/uploads\/2024\/08\/GUANTE-700RMF_TOUCH.webp","contentUrl":"https:\/\/goodwork.cat\/wp-content\/uploads\/2024\/08\/GUANTE-700RMF_TOUCH.webp","width":604,"height":422},{"@type":"BreadcrumbList","@id":"https:\/\/goodwork.cat\/producte\/guant-de-nilo-i-nitril-mecanic-700rmf-touch\/#breadcrumb","itemListElement":[{"@type":"ListItem","position":1,"name":"Inici","item":"https:\/\/goodwork.cat\/"},{"@type":"ListItem","position":2,"name":"Botiga","item":"https:\/\/goodwork.cat\/botiga\/"},{"@type":"ListItem","position":3,"name":"Guant de nil\u00f3 i nitril mec\u00e0nic 700RMF TOUCH"}]},{"@type":"WebSite","@id":"https:\/\/goodwork.cat\/#website","url":"https:\/\/goodwork.cat\/","name":"GOOD WORK EQUIPAMENT LABORAL","description":"Vestuari laboral, cal\u00e7at de seguretat, equips de protecci\u00f3 individual (EPIs), senyalitzaci\u00f3 vial i industrial, mobiliari urb\u00e0 i contenidors","publisher":{"@id":"https:\/\/goodwork.cat\/#organization"},"potentialAction":[{"@type":"SearchAction","target":{"@type":"EntryPoint","urlTemplate":"https:\/\/goodwork.cat\/?s={search_term_string}"},"query-input":{"@type":"PropertyValueSpecification","valueRequired":true,"valueName":"search_term_string"}}],"inLanguage":"es"},{"@type":"Organization","@id":"https:\/\/goodwork.cat\/#organization","name":"GOOD WORK GRUP EQUIPAMENTS, S.L.","url":"https:\/\/goodwork.cat\/","logo":{"@type":"ImageObject","inLanguage":"es","@id":"https:\/\/goodwork.cat\/#\/schema\/logo\/image\/","url":"https:\/\/goodwork.cat\/wp-content\/uploads\/2024\/06\/logo-1.png","contentUrl":"https:\/\/goodwork.cat\/wp-content\/uploads\/2024\/06\/logo-1.png","width":200,"height":111,"caption":"GOOD WORK GRUP EQUIPAMENTS, S.L."},"image":{"@id":"https:\/\/goodwork.cat\/#\/schema\/logo\/image\/"}}]}},"uagb_featured_image_src":{"full":["https:\/\/goodwork.cat\/wp-content\/uploads\/2024\/08\/GUANTE-700RMF_TOUCH.webp",604,422,false],"thumbnail":["https:\/\/goodwork.cat\/wp-content\/uploads\/2024\/08\/GUANTE-700RMF_TOUCH.webp",128,89,false],"medium":["https:\/\/goodwork.cat\/wp-content\/uploads\/2024\/08\/GUANTE-700RMF_TOUCH.webp",604,422,false],"medium_large":["https:\/\/goodwork.cat\/wp-content\/uploads\/2024\/08\/GUANTE-700RMF_TOUCH.webp",604,422,false],"large":["https:\/\/goodwork.cat\/wp-content\/uploads\/2024\/08\/GUANTE-700RMF_TOUCH.webp",604,422,false],"1536x1536":["https:\/\/goodwork.cat\/wp-content\/uploads\/2024\/08\/GUANTE-700RMF_TOUCH.webp",604,422,false],"2048x2048":["https:\/\/goodwork.cat\/wp-content\/uploads\/2024\/08\/GUANTE-700RMF_TOUCH.webp",604,422,false],"trp-custom-language-flag":["https:\/\/goodwork.cat\/wp-content\/uploads\/2024\/08\/GUANTE-700RMF_TOUCH.webp",18,12,false],"woocommerce_thumbnail":["https:\/\/goodwork.cat\/wp-content\/uploads\/2024\/08\/GUANTE-700RMF_TOUCH-300x300.webp",300,300,true],"woocommerce_single":["https:\/\/goodwork.cat\/wp-content\/uploads\/2024\/08\/GUANTE-700RMF_TOUCH-600x419.webp",600,419,true],"woocommerce_gallery_thumbnail":["https:\/\/goodwork.cat\/wp-content\/uploads\/2024\/08\/GUANTE-700RMF_TOUCH-100x100.webp",100,100,true]},"uagb_author_info":{"display_name":"60688d8b1a","author_link":"https:\/\/goodwork.cat\/es\/author\/"},"uagb_comment_info":0,"uagb_excerpt":"Guant suport nil\u00f3 i elast\u00e0 vermell sense costures. Recobriment nitril Sandy grip negre al palmell. Puny el\u00e0stic. Galga 15.","_links":{"self":[{"href":"https:\/\/goodwork.cat\/es\/wp-json\/wp\/v2\/product\/1948","targetHints":{"allow":["GET"]}}],"collection":[{"href":"https:\/\/goodwork.cat\/es\/wp-json\/wp\/v2\/product"}],"about":[{"href":"https:\/\/goodwork.cat\/es\/wp-json\/wp\/v2\/types\/product"}],"wp:featuredmedia":[{"embeddable":true,"href":"https:\/\/goodwork.cat\/es\/wp-json\/wp\/v2\/media\/2037"}],"wp:attachment":[{"href":"https:\/\/goodwork.cat\/es\/wp-json\/wp\/v2\/media?parent=1948"}],"wp:term":[{"taxonomy":"product_brand","embeddable":true,"href":"https:\/\/goodwork.cat\/es\/wp-json\/wp\/v2\/product_brand?post=1948"},{"taxonomy":"product_cat","embeddable":true,"href":"https:\/\/goodwork.cat\/es\/wp-json\/wp\/v2\/product_cat?post=1948"},{"taxonomy":"product_tag","embeddable":true,"href":"https:\/\/goodwork.cat\/es\/wp-json\/wp\/v2\/product_tag?post=1948"}],"curies":[{"name":"wp","href":"https:\/\/api.w.org\/{rel}","templated":true}]}}