{"id":1951,"date":"2024-08-29T10:29:40","date_gmt":"2024-08-29T08:29:40","guid":{"rendered":"https:\/\/goodwork.cat\/?post_type=product&#038;p=1951"},"modified":"2025-04-30T16:46:48","modified_gmt":"2025-04-30T14:46:48","slug":"casc-obra-5-rs","status":"publish","type":"product","link":"https:\/\/goodwork.cat\/es\/producto\/casc-obra-5-rs\/","title":{"rendered":"Casco obra 5-RS"},"content":{"rendered":"<h4>CASQUET<\/h4>\n<p>El casquet est\u00e0 fabricat per injecci\u00f3 de polietil\u00e8 d&#8217;alta densitat. La seva superf\u00edcie \u00e9s llisa i presenta dos nervis paral\u00b7lels al seu eix longitudinal i un nervi mass\u00eds de secci\u00f3 triangular, que proporcionen una major rigidesa al casc. Est\u00e0 prove\u00eft de visera a la part central i d&#8217;ala amb recull aig\u00fces a la resta del per\u00edmetre. A la part interior hi ha sis allotjaments per fixar l&#8217;arn\u00e8s.<\/p>\n<h4>ARN\u00c8S<\/h4>\n<p>Est\u00e0 fabricat per injecci\u00f3 de polietil\u00e8 lineal amb una gran capacitat d&#8217;absorci\u00f3 d&#8217;impactes. Consta de banda de cap, banda de clatell i cola de sis bra\u00e7os. La banda de cap est\u00e0 recoberta a la part frontal per una banda anti suor t\u00e8xtil. L&#8217;al\u00e7ada d&#8217;utilitzaci\u00f3 es pot regular en dues posicions diferents.<\/p>\n<p>&nbsp;<\/p>\n<ul>\n<li>\n<p class=\"p1\">Temperatura de treball: -10 \u00baC \/ + 50 \u00baC<\/p>\n<\/li>\n<li>\n<p class=\"p1\">Pes: 0,318 Kg.<\/p>\n<\/li>\n<li>Para m\u00e1s informaci\u00f3n, consulta la <a href=\"https:\/\/siasuministros.com\/index.php?controller=attachment&amp;id_attachment=396&amp;_gl=1*swlq48*_up*MQ..&amp;gclid=Cj0KCQjww5u2BhDeARIsALBuLnPtjzC1hT4meUc7qPWBLvdoD7Tuzkx__jyko39WG71Ru8tyZoICbN0aAlC9EALw_wcB\" target=\"_blank\" rel=\"noopener\">fitxa t\u00e8cnica del producte<\/a>.<\/li>\n<\/ul>","protected":false},"excerpt":{"rendered":"<ul>\n<li>\n<p class=\"p1\">Ideal per treballar a jornada completa en llocs susceptibles de caigudes d&#8217;objectes i de desc\u00e0rregues el\u00e8ctriques fins a una tensi\u00f3 de 1000 V ac o 1500 V en dc, oferint una perfecta i duradora protecci\u00f3.<\/p>\n<\/li>\n<\/ul>","protected":false},"featured_media":2039,"template":"","meta":{"_uag_custom_page_level_css":"","site-sidebar-layout":"default","site-content-layout":"","ast-site-content-layout":"default","site-content-style":"default","site-sidebar-style":"default","ast-global-header-display":"","ast-banner-title-visibility":"","ast-main-header-display":"","ast-hfb-above-header-display":"","ast-hfb-below-header-display":"","ast-hfb-mobile-header-display":"","site-post-title":"","ast-breadcrumbs-content":"","ast-featured-img":"","footer-sml-layout":"","ast-disable-related-posts":"","theme-transparent-header-meta":"default","adv-header-id-meta":"","stick-header-meta":"","header-above-stick-meta":"","header-main-stick-meta":"","header-below-stick-meta":"","astra-migrate-meta-layouts":"set","ast-page-background-enabled":"default","ast-page-background-meta":{"desktop":{"background-color":"","background-image":"","background-repeat":"repeat","background-position":"center center","background-size":"auto","background-attachment":"scroll","background-type":"","background-media":"","overlay-type":"","overlay-color":"","overlay-opacity":"","overlay-gradient":""},"tablet":{"background-color":"","background-image":"","background-repeat":"repeat","background-position":"center center","background-size":"auto","background-attachment":"scroll","background-type":"","background-media":"","overlay-type":"","overlay-color":"","overlay-opacity":"","overlay-gradient":""},"mobile":{"background-color":"","background-image":"","background-repeat":"repeat","background-position":"center center","background-size":"auto","background-attachment":"scroll","background-type":"","background-media":"","overlay-type":"","overlay-color":"","overlay-opacity":"","overlay-gradient":""}},"ast-content-background-meta":{"desktop":{"background-color":"var(--ast-global-color-5)","background-image":"","background-repeat":"repeat","background-position":"center center","background-size":"auto","background-attachment":"scroll","background-type":"","background-media":"","overlay-type":"","overlay-color":"","overlay-opacity":"","overlay-gradient":""},"tablet":{"background-color":"var(--ast-global-color-5)","background-image":"","background-repeat":"repeat","background-position":"center center","background-size":"auto","background-attachment":"scroll","background-type":"","background-media":"","overlay-type":"","overlay-color":"","overlay-opacity":"","overlay-gradient":""},"mobile":{"background-color":"var(--ast-global-color-5)","background-image":"","background-repeat":"repeat","background-position":"center center","background-size":"auto","background-attachment":"scroll","background-type":"","background-media":"","overlay-type":"","overlay-color":"","overlay-opacity":"","overlay-gradient":""}}},"product_brand":[],"product_cat":[28],"product_tag":[],"class_list":{"0":"post-1951","1":"product","2":"type-product","3":"status-publish","4":"has-post-thumbnail","6":"product_cat-sense-categoria","7":"desktop-align-left","8":"tablet-align-left","9":"mobile-align-left","11":"first","12":"instock","13":"shipping-taxable","14":"purchasable","15":"product-type-simple"},"yoast_head":"<!-- This site is optimized with the Yoast SEO plugin v27.6 - https:\/\/yoast.com\/product\/yoast-seo-wordpress\/ -->\n<title>Casc obra 5-RS - GOOD WORK GRUP EQUIPAMENTS, S.L.<\/title>\n<meta name=\"description\" content=\"Casc de seguretat ideal per treballar a jornada completa en llocs susceptibles de caigudes d&#039;objectes i de desc\u00e0rregues el\u00e8ctriques.\" \/>\n<meta name=\"robots\" content=\"index, follow, max-snippet:-1, max-image-preview:large, max-video-preview:-1\" \/>\n<link rel=\"canonical\" href=\"https:\/\/goodwork.cat\/es\/producto\/casc-obra-5-rs\/\" \/>\n<meta property=\"og:locale\" content=\"es_ES\" \/>\n<meta property=\"og:type\" content=\"article\" \/>\n<meta property=\"og:title\" content=\"Casc obra 5-RS - GOOD WORK GRUP EQUIPAMENTS, S.L.\" \/>\n<meta property=\"og:description\" content=\"Casc de seguretat ideal per treballar a jornada completa en llocs susceptibles de caigudes d&#039;objectes i de desc\u00e0rregues el\u00e8ctriques.\" \/>\n<meta property=\"og:url\" content=\"https:\/\/goodwork.cat\/es\/producto\/casc-obra-5-rs\/\" \/>\n<meta property=\"og:site_name\" content=\"GOOD WORK GRUP EQUIPAMENTS, S.L.\" \/>\n<meta property=\"article:modified_time\" content=\"2025-04-30T14:46:48+00:00\" \/>\n<meta property=\"og:image\" content=\"https:\/\/goodwork.cat\/wp-content\/uploads\/2024\/08\/casco-obra-protec5-rs-blanc-climax.jpg\" \/>\n\t<meta property=\"og:image:width\" content=\"300\" \/>\n\t<meta property=\"og:image:height\" content=\"300\" \/>\n\t<meta property=\"og:image:type\" content=\"image\/jpeg\" \/>\n<meta name=\"twitter:card\" content=\"summary_large_image\" \/>\n<meta name=\"twitter:label1\" content=\"Tiempo de lectura\" \/>\n\t<meta name=\"twitter:data1\" content=\"1 minuto\" \/>\n<script type=\"application\/ld+json\" class=\"yoast-schema-graph\">{\"@context\":\"https:\\\/\\\/schema.org\",\"@graph\":[{\"@type\":\"WebPage\",\"@id\":\"https:\\\/\\\/goodwork.cat\\\/producte\\\/casc-obra-5-rs\\\/\",\"url\":\"https:\\\/\\\/goodwork.cat\\\/producte\\\/casc-obra-5-rs\\\/\",\"name\":\"Casc obra 5-RS - GOOD WORK GRUP EQUIPAMENTS, S.L.\",\"isPartOf\":{\"@id\":\"https:\\\/\\\/goodwork.cat\\\/#website\"},\"primaryImageOfPage\":{\"@id\":\"https:\\\/\\\/goodwork.cat\\\/producte\\\/casc-obra-5-rs\\\/#primaryimage\"},\"image\":{\"@id\":\"https:\\\/\\\/goodwork.cat\\\/producte\\\/casc-obra-5-rs\\\/#primaryimage\"},\"thumbnailUrl\":\"https:\\\/\\\/goodwork.cat\\\/wp-content\\\/uploads\\\/2024\\\/08\\\/casco-obra-protec5-rs-blanc-climax.jpg\",\"datePublished\":\"2024-08-29T08:29:40+00:00\",\"dateModified\":\"2025-04-30T14:46:48+00:00\",\"description\":\"Casc de seguretat ideal per treballar a jornada completa en llocs susceptibles de caigudes d'objectes i de desc\u00e0rregues el\u00e8ctriques.\",\"breadcrumb\":{\"@id\":\"https:\\\/\\\/goodwork.cat\\\/producte\\\/casc-obra-5-rs\\\/#breadcrumb\"},\"inLanguage\":\"es\",\"potentialAction\":[{\"@type\":\"ReadAction\",\"target\":[\"https:\\\/\\\/goodwork.cat\\\/producte\\\/casc-obra-5-rs\\\/\"]}]},{\"@type\":\"ImageObject\",\"inLanguage\":\"es\",\"@id\":\"https:\\\/\\\/goodwork.cat\\\/producte\\\/casc-obra-5-rs\\\/#primaryimage\",\"url\":\"https:\\\/\\\/goodwork.cat\\\/wp-content\\\/uploads\\\/2024\\\/08\\\/casco-obra-protec5-rs-blanc-climax.jpg\",\"contentUrl\":\"https:\\\/\\\/goodwork.cat\\\/wp-content\\\/uploads\\\/2024\\\/08\\\/casco-obra-protec5-rs-blanc-climax.jpg\",\"width\":300,\"height\":300},{\"@type\":\"BreadcrumbList\",\"@id\":\"https:\\\/\\\/goodwork.cat\\\/producte\\\/casc-obra-5-rs\\\/#breadcrumb\",\"itemListElement\":[{\"@type\":\"ListItem\",\"position\":1,\"name\":\"Inici\",\"item\":\"https:\\\/\\\/goodwork.cat\\\/\"},{\"@type\":\"ListItem\",\"position\":2,\"name\":\"Botiga\",\"item\":\"https:\\\/\\\/goodwork.cat\\\/botiga\\\/\"},{\"@type\":\"ListItem\",\"position\":3,\"name\":\"Casc obra 5-RS\"}]},{\"@type\":\"WebSite\",\"@id\":\"https:\\\/\\\/goodwork.cat\\\/#website\",\"url\":\"https:\\\/\\\/goodwork.cat\\\/\",\"name\":\"GOOD WORK EQUIPAMENT LABORAL\",\"description\":\"Vestuari laboral, cal\u00e7at de seguretat, equips de protecci\u00f3 individual (EPIs), senyalitzaci\u00f3 vial i industrial, mobiliari urb\u00e0 i contenidors\",\"publisher\":{\"@id\":\"https:\\\/\\\/goodwork.cat\\\/#organization\"},\"potentialAction\":[{\"@type\":\"SearchAction\",\"target\":{\"@type\":\"EntryPoint\",\"urlTemplate\":\"https:\\\/\\\/goodwork.cat\\\/?s={search_term_string}\"},\"query-input\":{\"@type\":\"PropertyValueSpecification\",\"valueRequired\":true,\"valueName\":\"search_term_string\"}}],\"inLanguage\":\"es\"},{\"@type\":\"Organization\",\"@id\":\"https:\\\/\\\/goodwork.cat\\\/#organization\",\"name\":\"GOOD WORK GRUP EQUIPAMENTS, S.L.\",\"url\":\"https:\\\/\\\/goodwork.cat\\\/\",\"logo\":{\"@type\":\"ImageObject\",\"inLanguage\":\"es\",\"@id\":\"https:\\\/\\\/goodwork.cat\\\/#\\\/schema\\\/logo\\\/image\\\/\",\"url\":\"https:\\\/\\\/goodwork.cat\\\/wp-content\\\/uploads\\\/2024\\\/06\\\/logo-1.png\",\"contentUrl\":\"https:\\\/\\\/goodwork.cat\\\/wp-content\\\/uploads\\\/2024\\\/06\\\/logo-1.png\",\"width\":200,\"height\":111,\"caption\":\"GOOD WORK GRUP EQUIPAMENTS, S.L.\"},\"image\":{\"@id\":\"https:\\\/\\\/goodwork.cat\\\/#\\\/schema\\\/logo\\\/image\\\/\"}}]}<\/script>\n<!-- \/ Yoast SEO plugin. -->","yoast_head_json":{"title":"Casc obra 5-RS - GOOD WORK GRUP EQUIPAMENTS, S.L.","description":"Casc de seguretat ideal per treballar a jornada completa en llocs susceptibles de caigudes d'objectes i de desc\u00e0rregues el\u00e8ctriques.","robots":{"index":"index","follow":"follow","max-snippet":"max-snippet:-1","max-image-preview":"max-image-preview:large","max-video-preview":"max-video-preview:-1"},"canonical":"https:\/\/goodwork.cat\/es\/producto\/casc-obra-5-rs\/","og_locale":"es_ES","og_type":"article","og_title":"Casc obra 5-RS - GOOD WORK GRUP EQUIPAMENTS, S.L.","og_description":"Casc de seguretat ideal per treballar a jornada completa en llocs susceptibles de caigudes d'objectes i de desc\u00e0rregues el\u00e8ctriques.","og_url":"https:\/\/goodwork.cat\/es\/producto\/casc-obra-5-rs\/","og_site_name":"GOOD WORK GRUP EQUIPAMENTS, S.L.","article_modified_time":"2025-04-30T14:46:48+00:00","og_image":[{"width":300,"height":300,"url":"https:\/\/goodwork.cat\/wp-content\/uploads\/2024\/08\/casco-obra-protec5-rs-blanc-climax.jpg","type":"image\/jpeg"}],"twitter_card":"summary_large_image","twitter_misc":{"Tiempo de lectura":"1 minuto"},"schema":{"@context":"https:\/\/schema.org","@graph":[{"@type":"WebPage","@id":"https:\/\/goodwork.cat\/producte\/casc-obra-5-rs\/","url":"https:\/\/goodwork.cat\/producte\/casc-obra-5-rs\/","name":"Casc obra 5-RS - GOOD WORK GRUP EQUIPAMENTS, S.L.","isPartOf":{"@id":"https:\/\/goodwork.cat\/#website"},"primaryImageOfPage":{"@id":"https:\/\/goodwork.cat\/producte\/casc-obra-5-rs\/#primaryimage"},"image":{"@id":"https:\/\/goodwork.cat\/producte\/casc-obra-5-rs\/#primaryimage"},"thumbnailUrl":"https:\/\/goodwork.cat\/wp-content\/uploads\/2024\/08\/casco-obra-protec5-rs-blanc-climax.jpg","datePublished":"2024-08-29T08:29:40+00:00","dateModified":"2025-04-30T14:46:48+00:00","description":"Casc de seguretat ideal per treballar a jornada completa en llocs susceptibles de caigudes d'objectes i de desc\u00e0rregues el\u00e8ctriques.","breadcrumb":{"@id":"https:\/\/goodwork.cat\/producte\/casc-obra-5-rs\/#breadcrumb"},"inLanguage":"es","potentialAction":[{"@type":"ReadAction","target":["https:\/\/goodwork.cat\/producte\/casc-obra-5-rs\/"]}]},{"@type":"ImageObject","inLanguage":"es","@id":"https:\/\/goodwork.cat\/producte\/casc-obra-5-rs\/#primaryimage","url":"https:\/\/goodwork.cat\/wp-content\/uploads\/2024\/08\/casco-obra-protec5-rs-blanc-climax.jpg","contentUrl":"https:\/\/goodwork.cat\/wp-content\/uploads\/2024\/08\/casco-obra-protec5-rs-blanc-climax.jpg","width":300,"height":300},{"@type":"BreadcrumbList","@id":"https:\/\/goodwork.cat\/producte\/casc-obra-5-rs\/#breadcrumb","itemListElement":[{"@type":"ListItem","position":1,"name":"Inici","item":"https:\/\/goodwork.cat\/"},{"@type":"ListItem","position":2,"name":"Botiga","item":"https:\/\/goodwork.cat\/botiga\/"},{"@type":"ListItem","position":3,"name":"Casc obra 5-RS"}]},{"@type":"WebSite","@id":"https:\/\/goodwork.cat\/#website","url":"https:\/\/goodwork.cat\/","name":"GOOD WORK EQUIPAMENT LABORAL","description":"Vestuari laboral, cal\u00e7at de seguretat, equips de protecci\u00f3 individual (EPIs), senyalitzaci\u00f3 vial i industrial, mobiliari urb\u00e0 i contenidors","publisher":{"@id":"https:\/\/goodwork.cat\/#organization"},"potentialAction":[{"@type":"SearchAction","target":{"@type":"EntryPoint","urlTemplate":"https:\/\/goodwork.cat\/?s={search_term_string}"},"query-input":{"@type":"PropertyValueSpecification","valueRequired":true,"valueName":"search_term_string"}}],"inLanguage":"es"},{"@type":"Organization","@id":"https:\/\/goodwork.cat\/#organization","name":"GOOD WORK GRUP EQUIPAMENTS, S.L.","url":"https:\/\/goodwork.cat\/","logo":{"@type":"ImageObject","inLanguage":"es","@id":"https:\/\/goodwork.cat\/#\/schema\/logo\/image\/","url":"https:\/\/goodwork.cat\/wp-content\/uploads\/2024\/06\/logo-1.png","contentUrl":"https:\/\/goodwork.cat\/wp-content\/uploads\/2024\/06\/logo-1.png","width":200,"height":111,"caption":"GOOD WORK GRUP EQUIPAMENTS, S.L."},"image":{"@id":"https:\/\/goodwork.cat\/#\/schema\/logo\/image\/"}}]}},"uagb_featured_image_src":{"full":["https:\/\/goodwork.cat\/wp-content\/uploads\/2024\/08\/casco-obra-protec5-rs-blanc-climax.jpg",300,300,false],"thumbnail":["https:\/\/goodwork.cat\/wp-content\/uploads\/2024\/08\/casco-obra-protec5-rs-blanc-climax.jpg",96,96,false],"medium":["https:\/\/goodwork.cat\/wp-content\/uploads\/2024\/08\/casco-obra-protec5-rs-blanc-climax.jpg",300,300,false],"medium_large":["https:\/\/goodwork.cat\/wp-content\/uploads\/2024\/08\/casco-obra-protec5-rs-blanc-climax.jpg",300,300,false],"large":["https:\/\/goodwork.cat\/wp-content\/uploads\/2024\/08\/casco-obra-protec5-rs-blanc-climax.jpg",300,300,false],"1536x1536":["https:\/\/goodwork.cat\/wp-content\/uploads\/2024\/08\/casco-obra-protec5-rs-blanc-climax.jpg",300,300,false],"2048x2048":["https:\/\/goodwork.cat\/wp-content\/uploads\/2024\/08\/casco-obra-protec5-rs-blanc-climax.jpg",300,300,false],"trp-custom-language-flag":["https:\/\/goodwork.cat\/wp-content\/uploads\/2024\/08\/casco-obra-protec5-rs-blanc-climax.jpg",12,12,false],"woocommerce_thumbnail":["https:\/\/goodwork.cat\/wp-content\/uploads\/2024\/08\/casco-obra-protec5-rs-blanc-climax.jpg",300,300,false],"woocommerce_single":["https:\/\/goodwork.cat\/wp-content\/uploads\/2024\/08\/casco-obra-protec5-rs-blanc-climax.jpg",300,300,false],"woocommerce_gallery_thumbnail":["https:\/\/goodwork.cat\/wp-content\/uploads\/2024\/08\/casco-obra-protec5-rs-blanc-climax-100x100.jpg",100,100,true]},"uagb_author_info":{"display_name":"60688d8b1a","author_link":"https:\/\/goodwork.cat\/es\/author\/"},"uagb_comment_info":0,"uagb_excerpt":"Ideal per treballar a jornada completa en llocs susceptibles de caigudes d'objectes i de desc\u00e0rregues el\u00e8ctriques fins a una tensi\u00f3 de 1000 V ac o 1500 V en dc, oferint una perfecta i duradora protecci\u00f3.","_links":{"self":[{"href":"https:\/\/goodwork.cat\/es\/wp-json\/wp\/v2\/product\/1951","targetHints":{"allow":["GET"]}}],"collection":[{"href":"https:\/\/goodwork.cat\/es\/wp-json\/wp\/v2\/product"}],"about":[{"href":"https:\/\/goodwork.cat\/es\/wp-json\/wp\/v2\/types\/product"}],"wp:featuredmedia":[{"embeddable":true,"href":"https:\/\/goodwork.cat\/es\/wp-json\/wp\/v2\/media\/2039"}],"wp:attachment":[{"href":"https:\/\/goodwork.cat\/es\/wp-json\/wp\/v2\/media?parent=1951"}],"wp:term":[{"taxonomy":"product_brand","embeddable":true,"href":"https:\/\/goodwork.cat\/es\/wp-json\/wp\/v2\/product_brand?post=1951"},{"taxonomy":"product_cat","embeddable":true,"href":"https:\/\/goodwork.cat\/es\/wp-json\/wp\/v2\/product_cat?post=1951"},{"taxonomy":"product_tag","embeddable":true,"href":"https:\/\/goodwork.cat\/es\/wp-json\/wp\/v2\/product_tag?post=1951"}],"curies":[{"name":"wp","href":"https:\/\/api.w.org\/{rel}","templated":true}]}}