{"id":1955,"date":"2024-08-29T10:56:45","date_gmt":"2024-08-29T08:56:45","guid":{"rendered":"https:\/\/goodwork.cat\/?post_type=product&#038;p=1955"},"modified":"2025-04-30T16:46:39","modified_gmt":"2025-04-30T14:46:39","slug":"guant-negre-revestit-de-poliureta-de-construccio-lleugera-transpirable-i-flexible","status":"publish","type":"product","link":"https:\/\/goodwork.cat\/es\/producto\/guant-negre-revestit-de-poliureta-de-construccio-lleugera-transpirable-i-flexible\/","title":{"rendered":"Guante negro revestido de poliuretano de construcci\u00f3n ligera, transpirable y flexible"},"content":{"rendered":"<ul>\n<li>\n<p class=\"p1\">Objectiu de l&#8217;EPI \u00e9s protegir l&#8217;usuari contra:<\/p>\n<ul>\n<li>\n<p class=\"p1\">Brut\u00edcia, sempre que no siguin subst\u00e0ncia nocives.<\/p>\n<\/li>\n<li>\n<p class=\"p1\">Agressions mec\u00e0niques amb risc d&#8217;abrasi\u00f3, tall per ganiveta, esquin\u00e7ament i perforaci\u00f3.<\/p>\n<\/li>\n<\/ul>\n<\/li>\n<li>\n<p class=\"p1\">Els nivells de prestaci\u00f3 d&#8217;aquest EPI corresponen al guant complet, incloent-hi totes les capes.<\/p>\n<\/li>\n<li>Para m\u00e1s informaci\u00f3n, consulta la <a href=\"https:\/\/mplsoluciones.com\/es\/index.php?controller=attachment&amp;id_attachment=836\" target=\"_blank\" rel=\"noopener\">fitxa t\u00e8cnica del producte<\/a>.<\/li>\n<\/ul>","protected":false},"excerpt":{"rendered":"<ul>\n<li>\n<p class=\"p1\">Aquest producte s&#8217;ha fabricat seguint les exig\u00e8ncies del reglament (UE) 2016\/425, per utilitzar-lo segons la norma EN420:2003+A1:2009, requisits generals per als guants i EN388:2016+A1:2018, contra riscos mec\u00e0nics d&#8217;abrasi\u00f3 , tall per fulla, esquin\u00e7at, i perforaci\u00f3 que s\u00f3n aplicables segons consta al certificat n\u00fam. 21\/XXXX\/00\/0161 d&#8217;AITEX, Pla\u00e7a Emilio Sala n\u00fam. 1, Alcoi, Espanya, Organisme Notificat 0161.<\/p>\n<\/li>\n<li>\n<p class=\"p1\">L&#8217;EPI tipus guant 2-GPNPUN2016 est\u00e0 confeccionat amb: Guant recobert de poliuret\u00e0 combinat amb suport poli\u00e8ster galga 13, color del teixit i recobriment, tots dos en color negre i la seva variant en blau mar\u00ed.<\/p>\n<\/li>\n<\/ul>","protected":false},"featured_media":2045,"template":"","meta":{"_uag_custom_page_level_css":"","site-sidebar-layout":"default","site-content-layout":"","ast-site-content-layout":"default","site-content-style":"default","site-sidebar-style":"default","ast-global-header-display":"","ast-banner-title-visibility":"","ast-main-header-display":"","ast-hfb-above-header-display":"","ast-hfb-below-header-display":"","ast-hfb-mobile-header-display":"","site-post-title":"","ast-breadcrumbs-content":"","ast-featured-img":"","footer-sml-layout":"","ast-disable-related-posts":"","theme-transparent-header-meta":"default","adv-header-id-meta":"","stick-header-meta":"","header-above-stick-meta":"","header-main-stick-meta":"","header-below-stick-meta":"","astra-migrate-meta-layouts":"set","ast-page-background-enabled":"default","ast-page-background-meta":{"desktop":{"background-color":"","background-image":"","background-repeat":"repeat","background-position":"center center","background-size":"auto","background-attachment":"scroll","background-type":"","background-media":"","overlay-type":"","overlay-color":"","overlay-opacity":"","overlay-gradient":""},"tablet":{"background-color":"","background-image":"","background-repeat":"repeat","background-position":"center center","background-size":"auto","background-attachment":"scroll","background-type":"","background-media":"","overlay-type":"","overlay-color":"","overlay-opacity":"","overlay-gradient":""},"mobile":{"background-color":"","background-image":"","background-repeat":"repeat","background-position":"center center","background-size":"auto","background-attachment":"scroll","background-type":"","background-media":"","overlay-type":"","overlay-color":"","overlay-opacity":"","overlay-gradient":""}},"ast-content-background-meta":{"desktop":{"background-color":"var(--ast-global-color-5)","background-image":"","background-repeat":"repeat","background-position":"center center","background-size":"auto","background-attachment":"scroll","background-type":"","background-media":"","overlay-type":"","overlay-color":"","overlay-opacity":"","overlay-gradient":""},"tablet":{"background-color":"var(--ast-global-color-5)","background-image":"","background-repeat":"repeat","background-position":"center center","background-size":"auto","background-attachment":"scroll","background-type":"","background-media":"","overlay-type":"","overlay-color":"","overlay-opacity":"","overlay-gradient":""},"mobile":{"background-color":"var(--ast-global-color-5)","background-image":"","background-repeat":"repeat","background-position":"center center","background-size":"auto","background-attachment":"scroll","background-type":"","background-media":"","overlay-type":"","overlay-color":"","overlay-opacity":"","overlay-gradient":""}}},"product_brand":[],"product_cat":[28],"product_tag":[],"class_list":{"0":"post-1955","1":"product","2":"type-product","3":"status-publish","4":"has-post-thumbnail","6":"product_cat-sense-categoria","7":"desktop-align-left","8":"tablet-align-left","9":"mobile-align-left","11":"first","12":"instock","13":"shipping-taxable","14":"purchasable","15":"product-type-simple"},"yoast_head":"<!-- This site is optimized with the Yoast SEO plugin v27.6 - https:\/\/yoast.com\/product\/yoast-seo-wordpress\/ -->\n<title>Guant negre revestit de poliuret\u00e0 de construcci\u00f3 lleugera, transpirable i flexible - GOOD WORK GRUP EQUIPAMENTS, S.L.<\/title>\n<meta name=\"description\" content=\"Guant negre de seguretat contra riscos mec\u00e0nics d&#039;abrasi\u00f3 , tall per fulla, esquin\u00e7at i perforaci\u00f3. Compleix la normativa (UE) 2016\/425.\" \/>\n<meta name=\"robots\" content=\"index, follow, max-snippet:-1, max-image-preview:large, max-video-preview:-1\" \/>\n<link rel=\"canonical\" href=\"https:\/\/goodwork.cat\/es\/producto\/guant-negre-revestit-de-poliureta-de-construccio-lleugera-transpirable-i-flexible\/\" \/>\n<meta property=\"og:locale\" content=\"es_ES\" \/>\n<meta property=\"og:type\" content=\"article\" \/>\n<meta property=\"og:title\" content=\"Guant negre revestit de poliuret\u00e0 de construcci\u00f3 lleugera, transpirable i flexible - GOOD WORK GRUP EQUIPAMENTS, S.L.\" \/>\n<meta property=\"og:description\" content=\"Guant negre de seguretat contra riscos mec\u00e0nics d&#039;abrasi\u00f3 , tall per fulla, esquin\u00e7at i perforaci\u00f3. Compleix la normativa (UE) 2016\/425.\" \/>\n<meta property=\"og:url\" content=\"https:\/\/goodwork.cat\/es\/producto\/guant-negre-revestit-de-poliureta-de-construccio-lleugera-transpirable-i-flexible\/\" \/>\n<meta property=\"og:site_name\" content=\"GOOD WORK GRUP EQUIPAMENTS, S.L.\" \/>\n<meta property=\"article:modified_time\" content=\"2025-04-30T14:46:39+00:00\" \/>\n<meta property=\"og:image\" content=\"https:\/\/goodwork.cat\/wp-content\/uploads\/2024\/08\/guante-GPNPUN2016-negro-mpl.png\" \/>\n\t<meta property=\"og:image:width\" content=\"800\" \/>\n\t<meta property=\"og:image:height\" content=\"800\" \/>\n\t<meta property=\"og:image:type\" content=\"image\/png\" \/>\n<meta name=\"twitter:card\" content=\"summary_large_image\" \/>\n<meta name=\"twitter:label1\" content=\"Tiempo de lectura\" \/>\n\t<meta name=\"twitter:data1\" content=\"1 minuto\" \/>\n<script type=\"application\/ld+json\" class=\"yoast-schema-graph\">{\"@context\":\"https:\\\/\\\/schema.org\",\"@graph\":[{\"@type\":\"WebPage\",\"@id\":\"https:\\\/\\\/goodwork.cat\\\/producte\\\/guant-negre-revestit-de-poliureta-de-construccio-lleugera-transpirable-i-flexible\\\/\",\"url\":\"https:\\\/\\\/goodwork.cat\\\/producte\\\/guant-negre-revestit-de-poliureta-de-construccio-lleugera-transpirable-i-flexible\\\/\",\"name\":\"Guant negre revestit de poliuret\u00e0 de construcci\u00f3 lleugera, transpirable i flexible - GOOD WORK GRUP EQUIPAMENTS, S.L.\",\"isPartOf\":{\"@id\":\"https:\\\/\\\/goodwork.cat\\\/#website\"},\"primaryImageOfPage\":{\"@id\":\"https:\\\/\\\/goodwork.cat\\\/producte\\\/guant-negre-revestit-de-poliureta-de-construccio-lleugera-transpirable-i-flexible\\\/#primaryimage\"},\"image\":{\"@id\":\"https:\\\/\\\/goodwork.cat\\\/producte\\\/guant-negre-revestit-de-poliureta-de-construccio-lleugera-transpirable-i-flexible\\\/#primaryimage\"},\"thumbnailUrl\":\"https:\\\/\\\/goodwork.cat\\\/wp-content\\\/uploads\\\/2024\\\/08\\\/guante-GPNPUN2016-negro-mpl.png\",\"datePublished\":\"2024-08-29T08:56:45+00:00\",\"dateModified\":\"2025-04-30T14:46:39+00:00\",\"description\":\"Guant negre de seguretat contra riscos mec\u00e0nics d'abrasi\u00f3 , tall per fulla, esquin\u00e7at i perforaci\u00f3. Compleix la normativa (UE) 2016\\\/425.\",\"breadcrumb\":{\"@id\":\"https:\\\/\\\/goodwork.cat\\\/producte\\\/guant-negre-revestit-de-poliureta-de-construccio-lleugera-transpirable-i-flexible\\\/#breadcrumb\"},\"inLanguage\":\"es\",\"potentialAction\":[{\"@type\":\"ReadAction\",\"target\":[\"https:\\\/\\\/goodwork.cat\\\/producte\\\/guant-negre-revestit-de-poliureta-de-construccio-lleugera-transpirable-i-flexible\\\/\"]}]},{\"@type\":\"ImageObject\",\"inLanguage\":\"es\",\"@id\":\"https:\\\/\\\/goodwork.cat\\\/producte\\\/guant-negre-revestit-de-poliureta-de-construccio-lleugera-transpirable-i-flexible\\\/#primaryimage\",\"url\":\"https:\\\/\\\/goodwork.cat\\\/wp-content\\\/uploads\\\/2024\\\/08\\\/guante-GPNPUN2016-negro-mpl.png\",\"contentUrl\":\"https:\\\/\\\/goodwork.cat\\\/wp-content\\\/uploads\\\/2024\\\/08\\\/guante-GPNPUN2016-negro-mpl.png\",\"width\":800,\"height\":800},{\"@type\":\"BreadcrumbList\",\"@id\":\"https:\\\/\\\/goodwork.cat\\\/producte\\\/guant-negre-revestit-de-poliureta-de-construccio-lleugera-transpirable-i-flexible\\\/#breadcrumb\",\"itemListElement\":[{\"@type\":\"ListItem\",\"position\":1,\"name\":\"Inici\",\"item\":\"https:\\\/\\\/goodwork.cat\\\/\"},{\"@type\":\"ListItem\",\"position\":2,\"name\":\"Botiga\",\"item\":\"https:\\\/\\\/goodwork.cat\\\/botiga\\\/\"},{\"@type\":\"ListItem\",\"position\":3,\"name\":\"Guant negre revestit de poliuret\u00e0 de construcci\u00f3 lleugera, transpirable i flexible\"}]},{\"@type\":\"WebSite\",\"@id\":\"https:\\\/\\\/goodwork.cat\\\/#website\",\"url\":\"https:\\\/\\\/goodwork.cat\\\/\",\"name\":\"GOOD WORK EQUIPAMENT LABORAL\",\"description\":\"Vestuari laboral, cal\u00e7at de seguretat, equips de protecci\u00f3 individual (EPIs), senyalitzaci\u00f3 vial i industrial, mobiliari urb\u00e0 i contenidors\",\"publisher\":{\"@id\":\"https:\\\/\\\/goodwork.cat\\\/#organization\"},\"potentialAction\":[{\"@type\":\"SearchAction\",\"target\":{\"@type\":\"EntryPoint\",\"urlTemplate\":\"https:\\\/\\\/goodwork.cat\\\/?s={search_term_string}\"},\"query-input\":{\"@type\":\"PropertyValueSpecification\",\"valueRequired\":true,\"valueName\":\"search_term_string\"}}],\"inLanguage\":\"es\"},{\"@type\":\"Organization\",\"@id\":\"https:\\\/\\\/goodwork.cat\\\/#organization\",\"name\":\"GOOD WORK GRUP EQUIPAMENTS, S.L.\",\"url\":\"https:\\\/\\\/goodwork.cat\\\/\",\"logo\":{\"@type\":\"ImageObject\",\"inLanguage\":\"es\",\"@id\":\"https:\\\/\\\/goodwork.cat\\\/#\\\/schema\\\/logo\\\/image\\\/\",\"url\":\"https:\\\/\\\/goodwork.cat\\\/wp-content\\\/uploads\\\/2024\\\/06\\\/logo-1.png\",\"contentUrl\":\"https:\\\/\\\/goodwork.cat\\\/wp-content\\\/uploads\\\/2024\\\/06\\\/logo-1.png\",\"width\":200,\"height\":111,\"caption\":\"GOOD WORK GRUP EQUIPAMENTS, S.L.\"},\"image\":{\"@id\":\"https:\\\/\\\/goodwork.cat\\\/#\\\/schema\\\/logo\\\/image\\\/\"}}]}<\/script>\n<!-- \/ Yoast SEO plugin. -->","yoast_head_json":{"title":"Guant negre revestit de poliuret\u00e0 de construcci\u00f3 lleugera, transpirable i flexible - GOOD WORK GRUP EQUIPAMENTS, S.L.","description":"Guant negre de seguretat contra riscos mec\u00e0nics d'abrasi\u00f3 , tall per fulla, esquin\u00e7at i perforaci\u00f3. Compleix la normativa (UE) 2016\/425.","robots":{"index":"index","follow":"follow","max-snippet":"max-snippet:-1","max-image-preview":"max-image-preview:large","max-video-preview":"max-video-preview:-1"},"canonical":"https:\/\/goodwork.cat\/es\/producto\/guant-negre-revestit-de-poliureta-de-construccio-lleugera-transpirable-i-flexible\/","og_locale":"es_ES","og_type":"article","og_title":"Guant negre revestit de poliuret\u00e0 de construcci\u00f3 lleugera, transpirable i flexible - GOOD WORK GRUP EQUIPAMENTS, S.L.","og_description":"Guant negre de seguretat contra riscos mec\u00e0nics d'abrasi\u00f3 , tall per fulla, esquin\u00e7at i perforaci\u00f3. Compleix la normativa (UE) 2016\/425.","og_url":"https:\/\/goodwork.cat\/es\/producto\/guant-negre-revestit-de-poliureta-de-construccio-lleugera-transpirable-i-flexible\/","og_site_name":"GOOD WORK GRUP EQUIPAMENTS, S.L.","article_modified_time":"2025-04-30T14:46:39+00:00","og_image":[{"width":800,"height":800,"url":"https:\/\/goodwork.cat\/wp-content\/uploads\/2024\/08\/guante-GPNPUN2016-negro-mpl.png","type":"image\/png"}],"twitter_card":"summary_large_image","twitter_misc":{"Tiempo de lectura":"1 minuto"},"schema":{"@context":"https:\/\/schema.org","@graph":[{"@type":"WebPage","@id":"https:\/\/goodwork.cat\/producte\/guant-negre-revestit-de-poliureta-de-construccio-lleugera-transpirable-i-flexible\/","url":"https:\/\/goodwork.cat\/producte\/guant-negre-revestit-de-poliureta-de-construccio-lleugera-transpirable-i-flexible\/","name":"Guant negre revestit de poliuret\u00e0 de construcci\u00f3 lleugera, transpirable i flexible - GOOD WORK GRUP EQUIPAMENTS, S.L.","isPartOf":{"@id":"https:\/\/goodwork.cat\/#website"},"primaryImageOfPage":{"@id":"https:\/\/goodwork.cat\/producte\/guant-negre-revestit-de-poliureta-de-construccio-lleugera-transpirable-i-flexible\/#primaryimage"},"image":{"@id":"https:\/\/goodwork.cat\/producte\/guant-negre-revestit-de-poliureta-de-construccio-lleugera-transpirable-i-flexible\/#primaryimage"},"thumbnailUrl":"https:\/\/goodwork.cat\/wp-content\/uploads\/2024\/08\/guante-GPNPUN2016-negro-mpl.png","datePublished":"2024-08-29T08:56:45+00:00","dateModified":"2025-04-30T14:46:39+00:00","description":"Guant negre de seguretat contra riscos mec\u00e0nics d'abrasi\u00f3 , tall per fulla, esquin\u00e7at i perforaci\u00f3. Compleix la normativa (UE) 2016\/425.","breadcrumb":{"@id":"https:\/\/goodwork.cat\/producte\/guant-negre-revestit-de-poliureta-de-construccio-lleugera-transpirable-i-flexible\/#breadcrumb"},"inLanguage":"es","potentialAction":[{"@type":"ReadAction","target":["https:\/\/goodwork.cat\/producte\/guant-negre-revestit-de-poliureta-de-construccio-lleugera-transpirable-i-flexible\/"]}]},{"@type":"ImageObject","inLanguage":"es","@id":"https:\/\/goodwork.cat\/producte\/guant-negre-revestit-de-poliureta-de-construccio-lleugera-transpirable-i-flexible\/#primaryimage","url":"https:\/\/goodwork.cat\/wp-content\/uploads\/2024\/08\/guante-GPNPUN2016-negro-mpl.png","contentUrl":"https:\/\/goodwork.cat\/wp-content\/uploads\/2024\/08\/guante-GPNPUN2016-negro-mpl.png","width":800,"height":800},{"@type":"BreadcrumbList","@id":"https:\/\/goodwork.cat\/producte\/guant-negre-revestit-de-poliureta-de-construccio-lleugera-transpirable-i-flexible\/#breadcrumb","itemListElement":[{"@type":"ListItem","position":1,"name":"Inici","item":"https:\/\/goodwork.cat\/"},{"@type":"ListItem","position":2,"name":"Botiga","item":"https:\/\/goodwork.cat\/botiga\/"},{"@type":"ListItem","position":3,"name":"Guant negre revestit de poliuret\u00e0 de construcci\u00f3 lleugera, transpirable i flexible"}]},{"@type":"WebSite","@id":"https:\/\/goodwork.cat\/#website","url":"https:\/\/goodwork.cat\/","name":"GOOD WORK EQUIPAMENT LABORAL","description":"Vestuari laboral, cal\u00e7at de seguretat, equips de protecci\u00f3 individual (EPIs), senyalitzaci\u00f3 vial i industrial, mobiliari urb\u00e0 i contenidors","publisher":{"@id":"https:\/\/goodwork.cat\/#organization"},"potentialAction":[{"@type":"SearchAction","target":{"@type":"EntryPoint","urlTemplate":"https:\/\/goodwork.cat\/?s={search_term_string}"},"query-input":{"@type":"PropertyValueSpecification","valueRequired":true,"valueName":"search_term_string"}}],"inLanguage":"es"},{"@type":"Organization","@id":"https:\/\/goodwork.cat\/#organization","name":"GOOD WORK GRUP EQUIPAMENTS, S.L.","url":"https:\/\/goodwork.cat\/","logo":{"@type":"ImageObject","inLanguage":"es","@id":"https:\/\/goodwork.cat\/#\/schema\/logo\/image\/","url":"https:\/\/goodwork.cat\/wp-content\/uploads\/2024\/06\/logo-1.png","contentUrl":"https:\/\/goodwork.cat\/wp-content\/uploads\/2024\/06\/logo-1.png","width":200,"height":111,"caption":"GOOD WORK GRUP EQUIPAMENTS, S.L."},"image":{"@id":"https:\/\/goodwork.cat\/#\/schema\/logo\/image\/"}}]}},"uagb_featured_image_src":{"full":["https:\/\/goodwork.cat\/wp-content\/uploads\/2024\/08\/guante-GPNPUN2016-negro-mpl.png",800,800,false],"thumbnail":["https:\/\/goodwork.cat\/wp-content\/uploads\/2024\/08\/guante-GPNPUN2016-negro-mpl.png",96,96,false],"medium":["https:\/\/goodwork.cat\/wp-content\/uploads\/2024\/08\/guante-GPNPUN2016-negro-mpl.png",800,800,false],"medium_large":["https:\/\/goodwork.cat\/wp-content\/uploads\/2024\/08\/guante-GPNPUN2016-negro-mpl-768x768.png",768,768,true],"large":["https:\/\/goodwork.cat\/wp-content\/uploads\/2024\/08\/guante-GPNPUN2016-negro-mpl.png",800,800,false],"1536x1536":["https:\/\/goodwork.cat\/wp-content\/uploads\/2024\/08\/guante-GPNPUN2016-negro-mpl.png",800,800,false],"2048x2048":["https:\/\/goodwork.cat\/wp-content\/uploads\/2024\/08\/guante-GPNPUN2016-negro-mpl.png",800,800,false],"trp-custom-language-flag":["https:\/\/goodwork.cat\/wp-content\/uploads\/2024\/08\/guante-GPNPUN2016-negro-mpl.png",12,12,false],"woocommerce_thumbnail":["https:\/\/goodwork.cat\/wp-content\/uploads\/2024\/08\/guante-GPNPUN2016-negro-mpl-300x300.png",300,300,true],"woocommerce_single":["https:\/\/goodwork.cat\/wp-content\/uploads\/2024\/08\/guante-GPNPUN2016-negro-mpl-600x600.png",600,600,true],"woocommerce_gallery_thumbnail":["https:\/\/goodwork.cat\/wp-content\/uploads\/2024\/08\/guante-GPNPUN2016-negro-mpl-100x100.png",100,100,true]},"uagb_author_info":{"display_name":"60688d8b1a","author_link":"https:\/\/goodwork.cat\/es\/author\/"},"uagb_comment_info":0,"uagb_excerpt":"Aquest producte s'ha fabricat seguint les exig\u00e8ncies del reglament (UE) 2016\/425, per utilitzar-lo segons la norma EN420:2003+A1:2009, requisits generals per als guants i EN388:2016+A1:2018, contra riscos mec\u00e0nics d'abrasi\u00f3 , tall per fulla, esquin\u00e7at, i perforaci\u00f3 que s\u00f3n aplicables segons consta al certificat n\u00fam. 21\/XXXX\/00\/0161 d'AITEX, Pla\u00e7a Emilio Sala n\u00fam. 1, Alcoi, Espanya, Organisme Notificat 0161.&hellip;","_links":{"self":[{"href":"https:\/\/goodwork.cat\/es\/wp-json\/wp\/v2\/product\/1955","targetHints":{"allow":["GET"]}}],"collection":[{"href":"https:\/\/goodwork.cat\/es\/wp-json\/wp\/v2\/product"}],"about":[{"href":"https:\/\/goodwork.cat\/es\/wp-json\/wp\/v2\/types\/product"}],"wp:featuredmedia":[{"embeddable":true,"href":"https:\/\/goodwork.cat\/es\/wp-json\/wp\/v2\/media\/2045"}],"wp:attachment":[{"href":"https:\/\/goodwork.cat\/es\/wp-json\/wp\/v2\/media?parent=1955"}],"wp:term":[{"taxonomy":"product_brand","embeddable":true,"href":"https:\/\/goodwork.cat\/es\/wp-json\/wp\/v2\/product_brand?post=1955"},{"taxonomy":"product_cat","embeddable":true,"href":"https:\/\/goodwork.cat\/es\/wp-json\/wp\/v2\/product_cat?post=1955"},{"taxonomy":"product_tag","embeddable":true,"href":"https:\/\/goodwork.cat\/es\/wp-json\/wp\/v2\/product_tag?post=1955"}],"curies":[{"name":"wp","href":"https:\/\/api.w.org\/{rel}","templated":true}]}}